{"id":2525,"date":"2024-03-30T14:39:13","date_gmt":"2024-03-30T14:39:13","guid":{"rendered":"https:\/\/winandofficeplus.com\/de\/?page_id=2525"},"modified":"2024-04-02T18:12:58","modified_gmt":"2024-04-02T18:12:58","slug":"services","status":"publish","type":"page","link":"https:\/\/winandoffice.net\/de\/services\/","title":{"rendered":"Dienstleistungen"},"content":{"rendered":"\r\n<h2 class=\"wp-block-heading\"><strong>Kundenservice<\/strong><\/h2>\r\n\r\n\r\n<p><strong>Schnelle und zuverl\u00e4ssige Lieferung rund um die Uhr<\/strong><\/p>\r\n\r\n\r\n<ul>\r\n<li>Sie erhalten Ihren Produktschl\u00fcssel innerhalb von 2 Minuten nach Best\u00e4tigung der Zahlung.<\/li>\r\n<li>Erhalten Sie Download-Links und Installationsanweisungen schnell per E-Mail.<\/li>\r\n<\/ul>\r\n\r\n\r\n<p><strong>Mehrsprachiger Support<\/strong><\/p>\r\n\r\n\r\n<ul>\r\n<li>Unsere Software und Anleitungen sind in 5 Sprachen verf\u00fcgbar: Deutsch, Englisch, Franz\u00f6sisch, Italienisch und Spanisch.<\/li>\r\n<\/ul>\r\n\r\n\r\n<p><strong>Vertrauensw\u00fcrdige Partnerschaften<\/strong><\/p>\r\n\r\n\r\n<ul>\r\n<li>Offizielle Gesch\u00e4ftspartner von Corel.<\/li>\r\n<li>Microsoft Gold Partner mit MSPN.<\/li>\r\n<li>Mitglieder des VeRI-Programms.<\/li>\r\n<\/ul>\r\n\r\n\r\n<p><strong>Rechnung und Dokumentation<\/strong><\/p>\r\n\r\n\r\n<ul>\r\n<li>Erhalten Sie innerhalb von 24 Stunden eine Rechnung mit Umsatzsteuer- und Microsoft-Partner-Nummer, falls erforderlich.<\/li>\r\n<li>Wir stellen ein Lizenzzertifikat zur Dokumentation der Herkunft der Software bereit.<\/li>\r\n<\/ul>\r\n\r\n\r\n<p><strong>Sicherheit und Compliance<\/strong><\/p>\r\n\r\n\r\n<ul>\r\n<li>Wir bieten legale Software aus Deutschland mit Herkunftsnachweis an.<\/li>\r\n<li>Alle Lizenzen unterliegen einer \u00dcberpr\u00fcfung mittels Blockchain-Technologie.<\/li>\r\n<li>Wir gew\u00e4hrleisten die Einhaltung aller gesetzlichen Anforderungen und stellen einen Link zur Plattform der EU-Kommission f\u00fcr die Online-Streitbeilegung bereit.<\/li>\r\n<\/ul>\r\n\r\n\r\n<p><strong>Produktgarantie<\/strong><\/p>\r\n\r\n\r\n<ul>\r\n<li>Profitieren Sie von einer 30-t\u00e4gigen Geld-zur\u00fcck-Garantie.<\/li>\r\n<li>Garantierte Online-Aktivierung und lebenslange Produktgarantie.<\/li>\r\n<li>Unsere Lizenzen stammen neu aus Deutschland und unterliegen Qualit\u00e4tskontrollen vor dem Versand.<\/li>\r\n<\/ul>\r\n\r\n\r\n<p><strong>Transparenz im Verkauf<\/strong><\/p>\r\n\r\n\r\n<ul>\r\n<li>Wir verkaufen keine Produktschl\u00fcssel ohne entsprechende Lizenzen.<\/li>\r\n<li>Jede Lizenz wird mit einem Herkunftsnachweis geliefert.<\/li>\r\n<\/ul>\r\n\r\n\r\n<p><strong>Bequeme Zahlungsmethoden<\/strong><\/p>\r\n\r\n\r\n<ul>\r\n<li>Zahlen Sie sicher und schnell \u00fcber PayPal, Stripe, Bank\u00fcberweisung oder Western Union.<\/li>\r\n<\/ul>\r\n\r\n\r\n<p><strong>Software-Download<\/strong><\/p>\r\n\r\n\r\n<ul>\r\n<li>Schnelle und sichere Downloads von unserem Portal ohne Registrierung.<\/li>\r\n<li>Alle Programme werden auf Viren und Malware \u00fcberpr\u00fcft.<\/li>\r\n<li>Unser Download-Portal ist in f\u00fcnf Sprachen verf\u00fcgbar.<\/li>\r\n<\/ul>\r\n\r\n\r\n<p><strong>Pers\u00f6nlicher Kundensupport<\/strong><\/p>\r\n\r\n\r\n<ul>\r\n<li>Erreichen Sie unseren Kundenservice telefonisch 4 Stunden am Tag.<\/li>\r\n<li>Zugriff auf unser Support-Team rund um die Uhr per E-Mail.<\/li>\r\n<li>Unser mehrsprachiger Kundensupport spricht Deutsch, Englisch, Franz\u00f6sisch, Italienisch und Spanisch.<\/li>\r\n<\/ul>\r\n\r\n\r\n<p><strong>Vollst\u00e4ndige Servicegarantie<\/strong><\/p>\r\n\r\n\r\n<ul>\r\n<li>Wir verkaufen nicht nur einen Schl\u00fcssel; Sie erhalten umfassenden Service und Support beim Kauf Ihres Produkts.<\/li>\r\n<\/ul>\r\n","protected":false},"excerpt":{"rendered":"<p>Kundenservice Schnelle und zuverl\u00e4ssige Lieferung rund um die Uhr Sie erhalten Ihren Produktschl\u00fcssel innerhalb von 2 Minuten nach Best\u00e4tigung der Zahlung. Erhalten Sie Download-Links und Installationsanweisungen schnell per E-Mail. Mehrsprachiger Support Unsere Software und Anleitungen sind in 5 Sprachen verf\u00fcgbar: Deutsch, Englisch, Franz\u00f6sisch, Italienisch und Spanisch. Vertrauensw\u00fcrdige Partnerschaften Offizielle Gesch\u00e4ftspartner&hellip; <\/p>\n","protected":false},"author":1,"featured_media":0,"parent":0,"menu_order":0,"comment_status":"closed","ping_status":"closed","template":"","meta":{"footnotes":""},"_links":{"self":[{"href":"https:\/\/winandoffice.net\/de\/wp-json\/wp\/v2\/pages\/2525"}],"collection":[{"href":"https:\/\/winandoffice.net\/de\/wp-json\/wp\/v2\/pages"}],"about":[{"href":"https:\/\/winandoffice.net\/de\/wp-json\/wp\/v2\/types\/page"}],"author":[{"embeddable":true,"href":"https:\/\/winandoffice.net\/de\/wp-json\/wp\/v2\/users\/1"}],"replies":[{"embeddable":true,"href":"https:\/\/winandoffice.net\/de\/wp-json\/wp\/v2\/comments?post=2525"}],"version-history":[{"count":6,"href":"https:\/\/winandoffice.net\/de\/wp-json\/wp\/v2\/pages\/2525\/revisions"}],"predecessor-version":[{"id":2755,"href":"https:\/\/winandoffice.net\/de\/wp-json\/wp\/v2\/pages\/2525\/revisions\/2755"}],"wp:attachment":[{"href":"https:\/\/winandoffice.net\/de\/wp-json\/wp\/v2\/media?parent=2525"}],"curies":[{"name":"wp","href":"https:\/\/api.w.org\/{rel}","templated":true}]}}