{"id":2538,"date":"2024-03-30T15:42:10","date_gmt":"2024-03-30T15:42:10","guid":{"rendered":"https:\/\/winandofficeplus.com\/de\/?page_id=2538"},"modified":"2024-04-14T13:38:13","modified_gmt":"2024-04-14T13:38:13","slug":"returns-and-refunds","status":"publish","type":"page","link":"https:\/\/winandoffice.net\/de\/returns-and-refunds\/","title":{"rendered":"R\u00fcckgaben und R\u00fcckerstattung"},"content":{"rendered":"<ul>\n<li>Keine R\u00fccksendegeb\u00fchren<\/li>\n<li>Keine Versandgeb\u00fchren<\/li>\n<li>100% volle R\u00fcckerstattung<\/li>\n<\/ul>\n<p><strong>Widerrufsrecht<\/strong><br \/>\nSie haben das Recht, diesen Vertrag lebenslang ohne Angabe von Gr\u00fcnden zu widerrufen. Das Widerrufsrecht wird ab dem Tag des Vertragsabschlusses wirksam, jedoch nicht vor Erhalt der Ware.<\/p>\n<p>Um Ihr Widerrufsrecht auszu\u00fcben, m\u00fcssen Sie uns kontaktieren unter:<\/p>\n<ul>\n<li><a title=\"Unsere Adresse\" href=\"https:\/\/winandoffice.net\/de\/returns-and-refunds\/#\"><i class=\"fa fa-map-marker\"><\/i> Vereinigtes K\u00f6nigreich<\/a><\/li>\n<li><a href=\"https:\/\/api.whatsapp.com\/send?phone=447438585981\" target=\"_blank\" rel=\"noopener\"><i class=\"fa fa-phone-square\"><\/i> +44 743-858-5981<\/a><\/li>\n<li><a title=\"E-Mail an uns senden\" href=\"mailto:support@winandoffice.net\"><i class=\"fa fa-envelope-o\"><\/i> support@winandoffice.net<\/a><\/li>\n<li><a title=\"E-Mail an uns senden\" href=\"mailto:shop@winandoffice.net\"><i class=\"fa fa-envelope-o\"><\/i> shop@winandoffice.net<\/a><\/li>\n<\/ul>\n<p>mit einer klaren Erkl\u00e4rung (z. B. einem per Post, Fax oder E-Mail versandten Brief) \u00fcber Ihren Entschluss, diesen Vertrag zu widerrufen. Sie k\u00f6nnen daf\u00fcr das beigef\u00fcgte Muster-Widerrufsformular verwenden, das jedoch nicht vorgeschrieben ist.<br \/>\nZur Einhaltung der Widerrufsfrist reicht es aus, dass Sie die Mitteilung \u00fcber die Aus\u00fcbung des Widerrufsrechts vor Ablauf der Widerrufsfrist absenden.<\/p>\n<p><strong>Folgen des Widerrufs<\/strong><\/p>\n<p>Wenn Sie diesen Vertrag widerrufen, erstatten wir Ihnen alle von Ihnen erhaltenen Zahlungen, einschlie\u00dflich der Versandkosten. F\u00fcr diese R\u00fcckerstattung verwenden wir dasselbe Zahlungsmittel, das Sie bei der urspr\u00fcnglichen Transaktion verwendet haben, es sei denn, es wurde ausdr\u00fccklich etwas anderes mit Ihnen vereinbart; in keinem Fall werden Ihnen wegen dieser R\u00fcckzahlung Entgelte berechnet.<\/p>\n<p>Sie tragen die unmittelbaren Kosten der R\u00fccksendung der Waren. Sie m\u00fcssen nur f\u00fcr einen etwaigen Wertverlust der Waren aufkommen, wenn dieser Wertverlust auf einen zur Pr\u00fcfung der Beschaffenheit, Eigenschaften und Funktionsweise der Waren nicht notwendigen Umgang mit ihnen zur\u00fcckzuf\u00fchren ist.<\/p>\n<p><strong>Muster-Widerrufsformular<\/strong><\/p>\n<p>(Wenn Sie den Vertrag widerrufen m\u00f6chten, f\u00fcllen Sie bitte dieses Formular aus und senden Sie es zur\u00fcck.)<\/p>\n<p>An:<\/p>\n<ul>\n<li><a title=\"Unsere Adresse\" href=\"https:\/\/winandoffice.net\/de\/returns-and-refunds\/#\"><i class=\"fa fa-map-marker\"><\/i> Vereinigtes K\u00f6nigreich<\/a><\/li>\n<li><a href=\"https:\/\/api.whatsapp.com\/send?phone=447438585981\" target=\"_blank\" rel=\"noopener\"><i class=\"fa fa-phone-square\"><\/i> +44 743-858-5981<\/a><\/li>\n<li><a title=\"E-Mail an uns senden\" href=\"mailto:support@winandoffice.net\"><i class=\"fa fa-envelope-o\"><\/i> support@winandoffice.net<\/a><\/li>\n<li><a title=\"E-Mail an uns senden\" href=\"mailto:shop@winandoffice.net\"><i class=\"fa fa-envelope-o\"><\/i> shop@winandoffice.net<\/a><\/li>\n<\/ul>\n<ul>\n<li>Ich\/wir (*) widerrufe\/n den von mir\/uns (*) abgeschlossenen Vertrag \u00fcber den Kauf der folgenden Waren (*)\/die Erbringung der folgenden Dienstleistung (*)<\/li>\n<li>Bestellt am (*) \/ erhalten am (*)<\/li>\n<li>Name des\/der Verbraucher(s)<\/li>\n<li>Anschrift des\/der Verbraucher(s)<\/li>\n<li>Unterschrift des\/der Verbraucher(s) (nur bei Mitteilung auf Papier)<\/li>\n<li>Datum<\/li>\n<\/ul>\n<p>(*) Unzutreffendes streichen.<\/p>\n","protected":false},"excerpt":{"rendered":"<p>Keine R\u00fccksendegeb\u00fchren Keine Versandgeb\u00fchren 100% volle R\u00fcckerstattung Widerrufsrecht Sie haben das Recht, diesen Vertrag lebenslang ohne Angabe von Gr\u00fcnden zu widerrufen. Das Widerrufsrecht wird ab dem Tag des Vertragsabschlusses wirksam, jedoch nicht vor Erhalt der Ware. Um Ihr Widerrufsrecht auszu\u00fcben, m\u00fcssen Sie uns kontaktieren unter: Vereinigtes K\u00f6nigreich +44 743-858-5981 support@winandoffice.net&hellip; <\/p>\n","protected":false},"author":1,"featured_media":0,"parent":0,"menu_order":0,"comment_status":"closed","ping_status":"closed","template":"","meta":{"footnotes":""},"_links":{"self":[{"href":"https:\/\/winandoffice.net\/de\/wp-json\/wp\/v2\/pages\/2538"}],"collection":[{"href":"https:\/\/winandoffice.net\/de\/wp-json\/wp\/v2\/pages"}],"about":[{"href":"https:\/\/winandoffice.net\/de\/wp-json\/wp\/v2\/types\/page"}],"author":[{"embeddable":true,"href":"https:\/\/winandoffice.net\/de\/wp-json\/wp\/v2\/users\/1"}],"replies":[{"embeddable":true,"href":"https:\/\/winandoffice.net\/de\/wp-json\/wp\/v2\/comments?post=2538"}],"version-history":[{"count":8,"href":"https:\/\/winandoffice.net\/de\/wp-json\/wp\/v2\/pages\/2538\/revisions"}],"predecessor-version":[{"id":2826,"href":"https:\/\/winandoffice.net\/de\/wp-json\/wp\/v2\/pages\/2538\/revisions\/2826"}],"wp:attachment":[{"href":"https:\/\/winandoffice.net\/de\/wp-json\/wp\/v2\/media?parent=2538"}],"curies":[{"name":"wp","href":"https:\/\/api.w.org\/{rel}","templated":true}]}}