{"id":2432,"date":"2024-03-30T08:27:29","date_gmt":"2024-03-30T08:27:29","guid":{"rendered":"https:\/\/winandofficeplus.com\/de\/?post_type=product&#038;p=2432"},"modified":"2024-04-13T22:44:13","modified_gmt":"2024-04-13T22:44:13","slug":"microsoft-windows-server-2022-datacenter","status":"publish","type":"product","link":"https:\/\/winandoffice.net\/de\/product\/microsoft-windows-server-2022-datacenter\/","title":{"rendered":"Microsoft Windows Server 2022 Datacenter"},"content":{"rendered":"<h2><strong>IHRE GESCH\u00c4FTSWELT MIT WINDOWS SERVER 2022 ERSCHLIESSEN UND IN DIE ZUKUNFT SCHREITEN!<\/strong><\/h2>\n<p><strong>Revolution\u00e4re L\u00f6sungen in Sicherheit, Cloud-Integration und Modernisierung schaffen<\/strong><\/p>\n<p>Lernen Sie Windows Server 2022 kennen, die ideale L\u00f6sung, um Ihr Unternehmen auf ein sicheres und skalierbares Fundament zu stellen. Br\u00fccken Sie Ihre lokale Infrastruktur nahtlos mit der Kraft von Microsoft Azure und \u00f6ffnen Sie die T\u00fcren zu einem neuen Zeitalter des Wachstums und Fortschritts.<\/p>\n<h3><strong>Das Potenzial Ihrer aktuellen Investitionen freisetzen<\/strong><\/h3>\n<p>Windows Server 2022 maximiert den Wert Ihrer vorhandenen Windows Server-Umgebung. Nutzen Sie vertraute Verwaltungstools, optimieren Sie Abl\u00e4ufe und erweitern Sie Ihre Zugriffsm\u00f6glichkeiten in die Cloud.<\/p>\n<h3><strong>F\u00fcr eine st\u00e4rkere Zukunft mit erweiterter Sicherheit<\/strong><\/h3>\n<p>Windows Server 2022 legt einen Schwerpunkt auf Sicherheit mit einem mehrschichtigen Ansatz. Von den Kernfunktionen des Betriebssystems bis hin zu fortgeschrittenen Funktionen wie Credential Guard und Secure Boot werden Ihre Daten und Anwendungen stets gesch\u00fctzt.<\/p>\n<h4><strong>Anwendungen problemlos modernisieren<\/strong><\/h4>\n<p>Windows Server 2022 erm\u00f6glicht die Entwicklung und Bereitstellung moderner Cloud-basierter Anwendungen. Dar\u00fcber hinaus erm\u00f6glichen Containerisierung und Mikroservice-Technologien eine m\u00fchelose Modernisierung herk\u00f6mmlicher Anwendungen.<\/p>\n<h4><strong>Einzigartiger hyperkonvergenter Ansatz<\/strong><\/h4>\n<p>Erleben Sie mit den hyperkonvergenten Infrastrukturfunktionen von Windows Server 2022 ein neues Niveau an Effizienz und Sicherheit. Vereinfachen Sie das IT-Management und optimieren Sie die Ressourcennutzung.<\/p>\n<p><strong>W\u00e4hlen Sie die f\u00fcr Ihre Anforderungen passende Edition<\/strong><\/p>\n<p>W\u00e4hlen Sie die f\u00fcr Ihre Umgebung passende Edition aus:<\/p>\n<ul>\n<li><strong>Windows Server 2022 Essentials:<\/strong> Ideal f\u00fcr kleine Unternehmen, bietet Unterst\u00fctzung f\u00fcr bis zu 25 Benutzer und 50 Ger\u00e4te und erfordert keine zus\u00e4tzlichen Client-Zugriffslizenzen (CALs).<\/li>\n<li><strong>Windows Server 2022 Standard:<\/strong> Perfekt f\u00fcr physische oder m\u00e4\u00dfig virtualisierte Umgebungen, erfordert CALs f\u00fcr den Serverzugriff.<\/li>\n<li><strong>Windows Server 2022 Datacenter:<\/strong> Entwickelt f\u00fcr hoch virtualisierte Umgebungen und Cloud-Bereitstellungen, erfordert CALs f\u00fcr den Serverzugriff.<\/li>\n<\/ul>\n<p><strong>Sind Sie bereit, das volle Potenzial Ihres Unternehmens zu entfesseln?<\/strong><\/p>\n<p>Windows Server 2022 bietet eine umfassende L\u00f6sung f\u00fcr Unternehmen, die in der dynamischen Umgebung von heute wachsen m\u00f6chten. Mit erweiterter Sicherheit, nahtloser Cloud-Integration, Anwendungsmodernisierung und hyperkonvergenten Infrastrukturfunktionen erhalten Sie die n\u00f6tige Unterst\u00fctzung f\u00fcr Ihren Erfolgsweg.<\/p>\n<p><strong>Weitere Informationen erhalten Sie unter:<\/strong><\/p>\n<p>Besuchen Sie die offizielle Website von Microsoft, um mehr \u00fcber Windows Server 2022 zu erfahren: <a href=\"https:\/\/www.microsoft.com\/de-de\/windows-server\" target=\"_new\" rel=\"noopener\">Microsoft-Website<\/a><\/p>\n<p>Kontaktieren Sie einen Microsoft-Vertreter, um Informationen dar\u00fcber zu erhalten, wie Windows Server 2022 Ihrem Unternehmen zugute kommen kann.<\/p>\n<p><strong>Treten Sie mit Windows Server 2022 zuversichtlich in die Zukunft!<\/strong><\/p>\n","protected":false},"excerpt":{"rendered":"<ul>\n<li>Microsoft Windows Server 2022 Datacenter<\/li>\n<li>Versions for\u00a0 64 bit systems available<\/li>\n<li>Delivery by e-mail: product key, instructions, download links, invoice<\/li>\n<li>Instant download!<\/li>\n<li>No time limit, no subscription<\/li>\n<li>Free support during installation and activation<\/li>\n<li>Not available on physical media (USB, CD, etc.)<\/li>\n<li>Activation online and by phone<\/li>\n<\/ul>\n","protected":false},"featured_media":2433,"comment_status":"closed","ping_status":"closed","template":"","meta":[],"product_cat":[52],"product_tag":[54,53],"_links":{"self":[{"href":"https:\/\/winandoffice.net\/de\/wp-json\/wp\/v2\/product\/2432"}],"collection":[{"href":"https:\/\/winandoffice.net\/de\/wp-json\/wp\/v2\/product"}],"about":[{"href":"https:\/\/winandoffice.net\/de\/wp-json\/wp\/v2\/types\/product"}],"replies":[{"embeddable":true,"href":"https:\/\/winandoffice.net\/de\/wp-json\/wp\/v2\/comments?post=2432"}],"wp:featuredmedia":[{"embeddable":true,"href":"https:\/\/winandoffice.net\/de\/wp-json\/wp\/v2\/media\/2433"}],"wp:attachment":[{"href":"https:\/\/winandoffice.net\/de\/wp-json\/wp\/v2\/media?parent=2432"}],"wp:term":[{"taxonomy":"product_cat","embeddable":true,"href":"https:\/\/winandoffice.net\/de\/wp-json\/wp\/v2\/product_cat?post=2432"},{"taxonomy":"product_tag","embeddable":true,"href":"https:\/\/winandoffice.net\/de\/wp-json\/wp\/v2\/product_tag?post=2432"}],"curies":[{"name":"wp","href":"https:\/\/api.w.org\/{rel}","templated":true}]}}