{"id":2441,"date":"2024-03-30T09:06:33","date_gmt":"2024-03-30T09:06:33","guid":{"rendered":"https:\/\/winandofficeplus.com\/de\/?post_type=product&#038;p=2441"},"modified":"2024-04-13T22:47:02","modified_gmt":"2024-04-13T22:47:02","slug":"microsoft-windows-server-2022-standard-license-for-3-pc","status":"publish","type":"product","link":"https:\/\/winandoffice.net\/de\/product\/microsoft-windows-server-2022-standard-license-for-3-pc\/","title":{"rendered":"Microsoft Windows Server 2022 Standard Lizenz f\u00fcr 3 PC"},"content":{"rendered":"<h2><strong>Entfesseln Sie das Wachstum Ihres Unternehmens und die Agilit\u00e4t der Cloud mit Windows Server 2022<\/strong><\/h2>\n<p><strong>Erm\u00f6glichen Sie Ihrem Unternehmen, sich in der heutigen digitalen Landschaft mit Windows Server 2022, dem Eckpfeiler f\u00fcr den Aufbau einer sicheren und skalierbaren Grundlage, zu behaupten.<\/strong> Verbinden Sie Ihre lokale Infrastruktur nahtlos mit der Kraft von Microsoft Azure und erschlie\u00dfen Sie eine neue \u00c4ra des Wachstums und der Agilit\u00e4t.<\/p>\n<p><strong>Maximieren Sie bestehende Investitionen: <\/strong>Windows Server 2022 nutzt die Vertrautheit und den Wert Ihrer vorhandenen Windows Server-Umgebung. Optimieren Sie Abl\u00e4ufe mit vertrauten Verwaltungstools und erweitern Sie gleichzeitig Ihre Reichweite in die Cloud f\u00fcr verbesserte Skalierbarkeit und Optionen f\u00fcr die Notfallwiederherstellung.<\/p>\n<p><strong>Un\u00fcbertroffene Sicherheit f\u00fcr ein beruhigendes Gef\u00fchl: <\/strong>Windows Server 2022 priorisiert Sicherheit mit einem mehrschichtigen Ansatz. Von der Kernbetriebssystem bis hin zu erweiterten Funktionen wie Credential Guard und Secure Boot bleiben Ihre Daten und Anwendungen gesch\u00fctzt gegen sich entwickelnde Cyberbedrohungen.<\/p>\n<p><strong>Modernisieren Sie Anwendungen mit Leichtigkeit: <\/strong>Begr\u00fc\u00dfen Sie die Zukunft der Anwendungsentwicklung mit Windows Server 2022. Erstellen und bereitstellen Sie m\u00fchelos moderne Cloud-native Anwendungen. Zus\u00e4tzlich erm\u00f6glichen Containerisierung und Mikroservice-Technologien eine m\u00fchelose Modernisierung traditioneller Anwendungen, um sicherzustellen, dass sie auf einem schnelllebigen Markt wettbewerbsf\u00e4hig bleiben.<\/p>\n<p><strong>Ungleiches hyperkonvergentes Infrastruktur: <\/strong>Erleben Sie mit den hyperkonvergenten Infrastrukturf\u00e4higkeiten von Windows Server 2022 ein neues Ma\u00df an Effizienz und Sicherheit. Vereinfachen Sie das IT-Management und optimieren Sie die Ressourcennutzung, damit Ihr IT-Team sich auf strategische Initiativen konzentrieren kann.<\/p>\n<p><strong>Die perfekte Edition f\u00fcr jeden Bedarf: <\/strong>W\u00e4hlen Sie aus drei flexiblen Editionen, um Ihre Umgebung perfekt zu unterst\u00fctzen:<\/p>\n<ul>\n<li><strong>Windows Server 2022 Essentials:<\/strong> Ideal f\u00fcr kleine Unternehmen, unterst\u00fctzt bis zu 25 Benutzer und 50 Ger\u00e4te, ohne zus\u00e4tzliche Client Access Licenses (CALs) erforderlich.<\/li>\n<li><strong>Windows Server 2022 Standard:<\/strong> Perfekt f\u00fcr physische oder moderat virtualisierte Umgebungen, erfordert CALs f\u00fcr den Serverzugriff.<\/li>\n<li><strong>Windows Server 2022 Datacenter:<\/strong> Entwickelt f\u00fcr hoch virtualisierte Umgebungen und Cloud-Bereitstellungen, erfordert CALs f\u00fcr den Serverzugriff.<\/li>\n<\/ul>\n<h3><strong>\u00dcber die Grundlagen hinaus: Optimierung Ihrer Windows Server 2022-Erfahrung<\/strong><\/h3>\n<ul>\n<li><strong>Verringerte Ausfallzeiten:<\/strong> Minimieren Sie Unterbrechungen mit Funktionen wie schnellerem Patchen und Optionen f\u00fcr die Notfallwiederherstellung, um die Gesch\u00e4ftskontinuit\u00e4t zu gew\u00e4hrleisten.<\/li>\n<li><strong>Vereinfachtes Management:<\/strong> Verwalten Sie Ihre gesamte Infrastruktur m\u00fchelos mit dem vertrauten Windows Admin Center und integrieren Sie sich nahtlos in Azure-Verwaltungstools.<\/li>\n<li><strong>Skalierbarkeit f\u00fcr Wachstum:<\/strong> Windows Server 2022 skaliert, um Ihren sich entwickelnden Anforderungen gerecht zu werden, und unterst\u00fctzt gro\u00dfe Bereitstellungen mit erheblichen Speicher- und Kernanforderungen.<\/li>\n<\/ul>\n<p><strong>Machen Sie den ersten Schritt zu einer sicheren und modernen IT-Grundlage mit Windows Server 2022. Kontaktieren Sie noch heute einen Microsoft-Partner, um die M\u00f6glichkeiten zu erkunden und das volle Potenzial Ihres Unternehmens zu entfesseln!<\/strong><\/p>\n","protected":false},"excerpt":{"rendered":"<ul>\n<li>Microsoft Windows Server 2022 Standard<\/li>\n<li>Versions for\u00a0 64 bit systems available<\/li>\n<li>Delivery by e-mail: product key, instructions, download links, invoice<\/li>\n<li>Instant download!<\/li>\n<li>No time limit, no subscription<\/li>\n<li>Free support during installation and activation<\/li>\n<li>Not available on physical media (USB, CD, etc.)<\/li>\n<li>Activation online and by phone<\/li>\n<\/ul>\n","protected":false},"featured_media":2433,"comment_status":"closed","ping_status":"closed","template":"","meta":[],"product_cat":[52],"product_tag":[55],"_links":{"self":[{"href":"https:\/\/winandoffice.net\/de\/wp-json\/wp\/v2\/product\/2441"}],"collection":[{"href":"https:\/\/winandoffice.net\/de\/wp-json\/wp\/v2\/product"}],"about":[{"href":"https:\/\/winandoffice.net\/de\/wp-json\/wp\/v2\/types\/product"}],"replies":[{"embeddable":true,"href":"https:\/\/winandoffice.net\/de\/wp-json\/wp\/v2\/comments?post=2441"}],"wp:featuredmedia":[{"embeddable":true,"href":"https:\/\/winandoffice.net\/de\/wp-json\/wp\/v2\/media\/2433"}],"wp:attachment":[{"href":"https:\/\/winandoffice.net\/de\/wp-json\/wp\/v2\/media?parent=2441"}],"wp:term":[{"taxonomy":"product_cat","embeddable":true,"href":"https:\/\/winandoffice.net\/de\/wp-json\/wp\/v2\/product_cat?post=2441"},{"taxonomy":"product_tag","embeddable":true,"href":"https:\/\/winandoffice.net\/de\/wp-json\/wp\/v2\/product_tag?post=2441"}],"curies":[{"name":"wp","href":"https:\/\/api.w.org\/{rel}","templated":true}]}}