{"id":2443,"date":"2024-03-30T09:38:14","date_gmt":"2024-03-30T09:38:14","guid":{"rendered":"https:\/\/winandofficeplus.com\/de\/?post_type=product&#038;p=2443"},"modified":"2024-04-13T22:49:13","modified_gmt":"2024-04-13T22:49:13","slug":"microsoft-office-2010-professional-plus-license-for-3-pc","status":"publish","type":"product","link":"https:\/\/winandoffice.net\/de\/product\/microsoft-office-2010-professional-plus-license-for-3-pc\/","title":{"rendered":"Microsoft Office 2010 Professional Plus Lizenz f\u00fcr 3 PC"},"content":{"rendered":"<h2>Microsoft Office 2010 Professional Plus<\/h2>\n<p>Aktivieren Sie auf 3 Ger\u00e4ten! Profitieren Sie von Flexibilit\u00e4t und Wert mit Microsoft Office 2010 Professional Plus, einem Paket unverzichtbarer Produktivit\u00e4tsanwendungen f\u00fcr Ihr Zuhause, B\u00fcro oder \u00fcberall dort, wo Sie arbeiten.<\/p>\n<p>Klassische Anwendungen, moderne Funktionen<\/p>\n<h3>Diese Edition enth\u00e4lt all Ihre Favoriten:<\/h3>\n<ul>\n<li>Word 2010 f\u00fcr das Erstellen professioneller Dokumente.<\/li>\n<li>Excel 2010 f\u00fcr leistungsstarke Tabellenkalkulationen und Datenanalysen.<\/li>\n<li>PowerPoint 2010 f\u00fcr die Gestaltung wirkungsvoller Pr\u00e4sentationen.<\/li>\n<li>Outlook 2010 f\u00fcr das Verwalten von E-Mails, Kontakten, Kalendern und Aufgaben.<\/li>\n<li>OneNote 2010 zum Erfassen und Organisieren Ihrer Notizen.<\/li>\n<\/ul>\n<h3>Verbesserte Zusammenarbeit und Kommunikation<\/h3>\n<ul>\n<li>Web-Apps: Greifen Sie von praktisch jedem Ger\u00e4t mit Internetverbindung auf Word-, Excel-, PowerPoint- und OneNote-Dateien zu und bearbeiten Sie diese.<\/li>\n<li>SharePoint Workspace: Arbeiten Sie nahtlos mit Kollegen an Projekten und Dokumenten zusammen, auch wenn Sie sich nicht am selben Ort befinden.<\/li>\n<\/ul>\n<h3>Zus\u00e4tzliche leistungsstarke Tools<\/h3>\n<ul>\n<li>Publisher 2010 zum Erstellen hochwertiger Marketingmaterialien.<\/li>\n<li>Access 2010 zum Erstellen von Datenbankanwendungen.<\/li>\n<li>InfoPath 2010 zum Entwerfen elektronischer Formulare.<\/li>\n<li>Communicator 2010 f\u00fcr verbesserte Kommunikation und Zusammenarbeit (nicht in allen Editionen enthalten).<\/li>\n<\/ul>\n<h3>Verbesserte Benutzererfahrung<\/h3>\n<ul>\n<li>Ribbon-Benutzeroberfl\u00e4che: Genie\u00dfen Sie eine neue, intuitive Ribbon-Benutzeroberfl\u00e4che f\u00fcr einfachen Zugriff auf Funktionen in allen Anwendungen.<\/li>\n<li>Unterst\u00fctzung f\u00fcr Open XML: Arbeiten Sie mit dem Branchenstandard Open XML-Dateiformat f\u00fcr eine bessere Kompatibilit\u00e4t.<\/li>\n<\/ul>\n<p>Beruhigende Garantie: Dieses Produkt wird mit einer lebenslangen Geld-zur\u00fcck-Garantie geliefert!<\/p>\n<p>Systemanforderungen<\/p>\n<ul>\n<li>Prozessor: 500 MHz oder h\u00f6her (1 GHz empfohlen f\u00fcr Outlook mit Business Contact Manager)<\/li>\n<li>RAM: 512 MB oder h\u00f6her<\/li>\n<li>Festplattenspeicherplatz: 3,5 GB<\/li>\n<li>Betriebssystem: Windows XP SP3, Windows Vista SP1, Windows Server 2003 SP2, Windows Server 2008, Windows 7 Bitte beachten Sie: Die Systemanforderungen k\u00f6nnen je nach den verwendeten spezifischen Funktionen variieren.<\/li>\n<\/ul>\n<p><strong>Ist Office 2010 Professional Plus das Richtige f\u00fcr Sie?<\/strong><\/p>\n<p>Erw\u00e4gen Sie diese Version, wenn Sie eine umfassende Suite von Produktivit\u00e4tstools f\u00fcr sowohl individuelle Arbeit als auch Zusammenarbeit ben\u00f6tigen. Beachten Sie jedoch, dass Microsoft Office 2010 das Ende des Supports erreicht hat und keine Sicherheitsupdates mehr erh\u00e4lt. Es ist wichtig, die Vorteile gegen potenzielle Sicherheitsrisiken abzuw\u00e4gen, bevor Sie einen Kauf t\u00e4tigen.<\/p>\n","protected":false},"excerpt":{"rendered":"<table id=\"short-description\">\n<tbody>\n<tr>\n<td><strong>License: <\/strong><\/td>\n<td><strong>With this license the software can be activated on 3\u00a0different devices, e.g. home PC, notebook and work PC<\/strong><\/p>\n<p><strong>Lifetime money back guarantee!!!<\/strong><\/td>\n<\/tr>\n<tr>\n<td><strong>Delivery: <\/strong><\/td>\n<td>Download link, product key, instructions, and invoice delivered instantly by e- mail. Not available on physical media (USB, CD, etc.)<\/td>\n<\/tr>\n<tr>\n<td><strong>Version: <\/strong><\/td>\n<td>For 32 and 64 bit systems, full unlimited versions of software<\/td>\n<\/tr>\n<tr>\n<td><strong>Languages: <\/strong><\/td>\n<td>English, Spanish, Italian, German, French<\/td>\n<\/tr>\n<tr>\n<td><strong>Support: <\/strong><\/td>\n<td>24\/7 in English<\/td>\n<\/tr>\n<\/tbody>\n<\/table>\n<ul>\n<li><strong><span style=\"color: #008000;\"> This product is compatible with Windows.<\/span><\/strong><\/li>\n<li><strong><span style=\"color: #ff0000;\">NOT compatible with Apple macOS\u2122, Android devices and Chromebooks.<\/span><\/strong><\/li>\n<li><strong>NOT compatible with Android devices<\/strong><\/li>\n<\/ul>\n","protected":false},"featured_media":2444,"comment_status":"closed","ping_status":"closed","template":"","meta":[],"product_cat":[56],"product_tag":[57],"_links":{"self":[{"href":"https:\/\/winandoffice.net\/de\/wp-json\/wp\/v2\/product\/2443"}],"collection":[{"href":"https:\/\/winandoffice.net\/de\/wp-json\/wp\/v2\/product"}],"about":[{"href":"https:\/\/winandoffice.net\/de\/wp-json\/wp\/v2\/types\/product"}],"replies":[{"embeddable":true,"href":"https:\/\/winandoffice.net\/de\/wp-json\/wp\/v2\/comments?post=2443"}],"wp:featuredmedia":[{"embeddable":true,"href":"https:\/\/winandoffice.net\/de\/wp-json\/wp\/v2\/media\/2444"}],"wp:attachment":[{"href":"https:\/\/winandoffice.net\/de\/wp-json\/wp\/v2\/media?parent=2443"}],"wp:term":[{"taxonomy":"product_cat","embeddable":true,"href":"https:\/\/winandoffice.net\/de\/wp-json\/wp\/v2\/product_cat?post=2443"},{"taxonomy":"product_tag","embeddable":true,"href":"https:\/\/winandoffice.net\/de\/wp-json\/wp\/v2\/product_tag?post=2443"}],"curies":[{"name":"wp","href":"https:\/\/api.w.org\/{rel}","templated":true}]}}