{"id":2449,"date":"2024-03-30T09:58:00","date_gmt":"2024-03-30T09:58:00","guid":{"rendered":"https:\/\/winandofficeplus.com\/de\/?post_type=product&#038;p=2449"},"modified":"2024-04-13T22:58:26","modified_gmt":"2024-04-13T22:58:26","slug":"microsoft-office-home-business-2021-mac","status":"publish","type":"product","link":"https:\/\/winandoffice.net\/de\/product\/microsoft-office-home-business-2021-mac\/","title":{"rendered":"Microsoft Office Home &amp; Business 2021 MAC"},"content":{"rendered":"<h2 data-sourcepos=\"3:1-3:88\">Microsoft Office Home &amp; Business 2021 f\u00fcr Mac<\/h2>\n<p data-sourcepos=\"5:1-5:70\"><strong>Cleverer arbeiten, nicht h\u00e4rter mit klassischen Office-Anwendungen<\/strong><\/p>\n<p data-sourcepos=\"7:1-7:319\">Microsoft Office Home &amp; Business 2021 f\u00fcr Mac bietet Familien und kleinen Unternehmen die wichtigsten Tools zur Steigerung der Produktivit\u00e4t. Mit diesem einmaligen Kauf erhalten Sie Zugriff auf die wichtigsten Office-Anwendungen, die Sie kennen und denen Sie vertrauen, installiert auf einem einzelnen Mac-Computer.<\/p>\n<p data-sourcepos=\"9:1-9:42\"><strong>Die essentielle Suite f\u00fcr Mac-Anwender<\/strong><\/p>\n<ul data-sourcepos=\"11:1-15:0\">\n<li data-sourcepos=\"11:1-11:98\"><strong>Word:<\/strong>\u00a0Erstellen, bearbeiten und arbeiten Sie m\u00fchelos an professionellen Dokumenten zusammen.<\/li>\n<li data-sourcepos=\"12:1-12:124\"><strong>Excel:<\/strong>\u00a0Organisieren, analysieren und visualisieren Sie Ihre Daten mit leistungsstarken Tabellenkalkulationswerkzeugen.<\/li>\n<li data-sourcepos=\"13:1-13:90\"><strong>PowerPoint:<\/strong>\u00a0Gestalten Sie beeindruckende Pr\u00e4sentationen, um Ihr Publikum zu fesseln.<\/li>\n<li data-sourcepos=\"14:1-15:0\"><strong>Outlook:<\/strong>\u00a0Verwalten Sie Ihre E-Mails, Kalender, Kontakte und Aufgaben effizient.<\/li>\n<\/ul>\n<p data-sourcepos=\"16:1-16:21\"><strong>Optimiert f\u00fcr Mac<\/strong><\/p>\n<p data-sourcepos=\"18:1-18:106\">Office Home &amp; Business 2021 wurde sorgf\u00e4ltig neu entwickelt, um die neuesten Mac-Funktionen zu nutzen:<\/p>\n<ul data-sourcepos=\"20:1-22:0\">\n<li data-sourcepos=\"20:1-20:162\"><strong>Atemberaubende Retina-Display-Unterst\u00fctzung:<\/strong>\u00a0Genie\u00dfen Sie gestochen scharfe Bilder und au\u00dfergew\u00f6hnliche Klarheit auf dem hochaufl\u00f6senden Display Ihres Macs.<\/li>\n<li data-sourcepos=\"21:1-22:0\"><strong>Nahtlose Vollbildansicht:<\/strong>\u00a0Arbeiten Sie mit minimalen Ablenkungen und optimieren Sie Ihren Arbeitsbereich mit dem perfekten Vollbildmodus.<\/li>\n<\/ul>\n<p data-sourcepos=\"23:1-23:48\"><strong>Verbesserte Zusammenarbeit und Kommunikation<\/strong><\/p>\n<ul data-sourcepos=\"25:1-29:0\">\n<li data-sourcepos=\"25:1-25:135\"><strong>Optimierte Zusammenarbeit:<\/strong>\u00a0Arbeiten Sie m\u00fchelos mit Echtzeit-Mitverfolgungsfunktionen gemeinsam an Dokumenten und Pr\u00e4sentationen.<\/li>\n<li data-sourcepos=\"26:1-26:117\"><strong>Vereinfachte Freigabe:<\/strong>\u00a0Teilen Sie m\u00fchelos Links, Notizen und Termine, um alle auf dem gleichen Stand zu halten.<\/li>\n<li data-sourcepos=\"27:1-27:151\"><strong>Problemlose Bearbeitung und Konvertierung:<\/strong>\u00a0Bearbeiten und konvertieren Sie PDFs und andere Dateiformate nahtlos innerhalb von Office-Anwendungen.<\/li>\n<li data-sourcepos=\"28:1-29:0\"><strong>Offline-Zugriff:<\/strong>\u00a0Arbeiten Sie auch ohne Internetverbindung produktiv. Alle Anwendungen funktionieren offline einwandfrei.<\/li>\n<\/ul>\n<p data-sourcepos=\"30:1-30:32\"><strong>Cloud-f\u00e4hig f\u00fcr Flexibilit\u00e4t<\/strong><\/p>\n<ul data-sourcepos=\"32:1-33:0\">\n<li data-sourcepos=\"32:1-33:0\"><strong>Integrierter Cloud-Speicher:<\/strong>\u00a0Speichern, greifen Sie auf Ihre Dateien zu und teilen Sie sie von \u00fcberall aus mit OneDrive-Cloud-Integration (separates Abonnement erforderlich).<\/li>\n<\/ul>\n<p data-sourcepos=\"34:1-34:35\"><strong>Die perfekte Wahl f\u00fcr Ihren Mac<\/strong><\/p>\n<p data-sourcepos=\"36:1-36:173\">Microsoft Office Home &amp; Business 2021 f\u00fcr Mac bietet eine vertraute und leistungsstarke L\u00f6sung, um Ihren Workflow zu optimieren und herausragende Ergebnisse zu erzielen.<\/p>\n<p data-sourcepos=\"38:1-38:101\"><strong>Hinweis:<\/strong> Die Garantie f\u00fcr die Geld-zur\u00fcck-Garantie auf Lebenszeit kann je nach H\u00e4ndler variieren.<\/p>\n","protected":false},"excerpt":{"rendered":"<ul>\n<li>\n<div class=\"woocommerce-product-details__short-description\">\n<ul>\n<li>Microsoft Office Home &amp; Business 2021 MAC<\/li>\n<li><strong>Lifetime money back guarantee!!!<\/strong><\/li>\n<li>Send by email: product key, instructions, download links, invoice<\/li>\n<li>Instant Download!<\/li>\n<li>No time limit, no subscription<\/li>\n<li>Free installation and activation support<\/li>\n<li>No delivery on data carriers (USB, CD, etc.)<\/li>\n<li>Activation online and by phone<\/li>\n<li><strong>NOT compatible with Android and Windows devices<\/strong><\/li>\n<\/ul>\n<\/div>\n<\/li>\n<\/ul>\n","protected":false},"featured_media":2450,"comment_status":"closed","ping_status":"closed","template":"","meta":[],"product_cat":[59],"product_tag":[62],"_links":{"self":[{"href":"https:\/\/winandoffice.net\/de\/wp-json\/wp\/v2\/product\/2449"}],"collection":[{"href":"https:\/\/winandoffice.net\/de\/wp-json\/wp\/v2\/product"}],"about":[{"href":"https:\/\/winandoffice.net\/de\/wp-json\/wp\/v2\/types\/product"}],"replies":[{"embeddable":true,"href":"https:\/\/winandoffice.net\/de\/wp-json\/wp\/v2\/comments?post=2449"}],"wp:featuredmedia":[{"embeddable":true,"href":"https:\/\/winandoffice.net\/de\/wp-json\/wp\/v2\/media\/2450"}],"wp:attachment":[{"href":"https:\/\/winandoffice.net\/de\/wp-json\/wp\/v2\/media?parent=2449"}],"wp:term":[{"taxonomy":"product_cat","embeddable":true,"href":"https:\/\/winandoffice.net\/de\/wp-json\/wp\/v2\/product_cat?post=2449"},{"taxonomy":"product_tag","embeddable":true,"href":"https:\/\/winandoffice.net\/de\/wp-json\/wp\/v2\/product_tag?post=2449"}],"curies":[{"name":"wp","href":"https:\/\/api.w.org\/{rel}","templated":true}]}}