{"id":2451,"date":"2024-03-30T10:00:47","date_gmt":"2024-03-30T10:00:47","guid":{"rendered":"https:\/\/winandofficeplus.com\/de\/?post_type=product&#038;p=2451"},"modified":"2024-04-13T22:59:52","modified_gmt":"2024-04-13T22:59:52","slug":"microsoft-office-home-business-2019-mac","status":"publish","type":"product","link":"https:\/\/winandoffice.net\/de\/product\/microsoft-office-home-business-2019-mac\/","title":{"rendered":"Microsoft Office Home &amp; Business 2019 MAC"},"content":{"rendered":"<h2 data-sourcepos=\"3:1-3:75\">Microsoft Office Home &amp; Business 2019 f\u00fcr Mac<\/h2>\n<p data-sourcepos=\"5:1-5:86\"><strong>Steigern Sie die Produktivit\u00e4t mit klassischen Anwendungen und modernen Funktionen<\/strong><\/p>\n<p data-sourcepos=\"7:1-7:252\">Bringen Sie Ihre Produktivit\u00e4t auf dem Mac mit Microsoft Office Home &amp; Business 2019 auf ein neues Level. Diese Suite bietet Ihnen die wichtigsten Werkzeuge, die Sie zum Erledigen Ihrer Aufgaben ben\u00f6tigen, einschlie\u00dflich der neuesten Versionen von:<\/p>\n<ul data-sourcepos=\"9:1-13:0\">\n<li data-sourcepos=\"9:1-9:98\"><strong>Word:<\/strong>\u00a0Erstellen, bearbeiten und arbeiten Sie m\u00fchelos an professionellen Dokumenten zusammen.<\/li>\n<li data-sourcepos=\"10:1-10:124\"><strong>Excel:<\/strong>\u00a0Organisieren, analysieren und visualisieren Sie Ihre Daten mit leistungsstarken Tabellenkalkulationswerkzeugen.<\/li>\n<li data-sourcepos=\"11:1-11:90\"><strong>PowerPoint:<\/strong>\u00a0Gestalten Sie beeindruckende Pr\u00e4sentationen, um Ihr Publikum zu fesseln.<\/li>\n<li data-sourcepos=\"12:1-13:0\"><strong>Outlook:<\/strong>\u00a0Verwalten Sie Ihre E-Mails, Kalender, Kontakte und Aufgaben effizient.<\/li>\n<\/ul>\n<p data-sourcepos=\"14:1-14:63\"><strong>Entfesseln Sie Ihre Kreativit\u00e4t mit innovativen Funktionen:<\/strong><\/p>\n<ul data-sourcepos=\"16:1-21:0\">\n<li data-sourcepos=\"16:1-16:142\"><strong>Verbesserte Freihandwerkzeuge:<\/strong>\u00a0Erleben Sie ein nat\u00fcrliches und intuitives Schreiberlebnis mit verbesserten digitalen Freihandfunktionen.<\/li>\n<li data-sourcepos=\"17:1-17:189\"><strong>Umfassende Datentypen:<\/strong>\u00a0Arbeiten Sie nahtlos mit neuen Datentypen wie Aktien und Geografie, sodass Sie Echtzeitdaten direkt in Ihre Dokumente und Tabellenkalkulationen einf\u00fcgen k\u00f6nnen.<\/li>\n<li data-sourcepos=\"18:1-18:138\"><strong>Erweiterte Funktionen und Formeln:<\/strong>\u00a0Optimieren Sie Ihren Workflow mit einer gr\u00f6\u00dferen Auswahl an Funktionen und Formeln in Excel 2019.<\/li>\n<li data-sourcepos=\"19:1-19:198\"><strong>Erweiterte \u00dcbersetzungs- und Bearbeitungswerkzeuge:<\/strong>\u00a0\u00dcberwinden Sie Sprachbarrieren und sorgen Sie f\u00fcr eine einwandfreie Kommunikation mit verbesserten \u00dcbersetzungs- und Bearbeitungsfunktionen.<\/li>\n<li data-sourcepos=\"20:1-21:0\"><strong>Ansprechende Animationen und Grafiken:<\/strong>\u00a0Erwecken Sie Ihre Pr\u00e4sentationen mit einer Bibliothek dynamischer Animationen und Grafiken in PowerPoint 2019 zum Leben.<\/li>\n<\/ul>\n<p data-sourcepos=\"22:1-22:50\"><strong>Finden Sie die perfekte Office-L\u00f6sung f\u00fcr sich<\/strong><\/p>\n<p data-sourcepos=\"24:1-24:311\">Microsoft Office Home &amp; Business 2019 f\u00fcr Mac richtet sich speziell an Einzelpersonen und kleine Unternehmen. Microsoft bietet jedoch eine Vielzahl von Office-Paketen an, die unterschiedlichen Anforderungen gerecht werden. Entdecken Sie die verschiedenen Optionen, um die perfekte L\u00f6sung f\u00fcr sich zu finden.<\/p>\n<p data-sourcepos=\"26:1-26:101\"><strong>Hinweis:<\/strong> Die Garantie f\u00fcr die Geld-zur\u00fcck-Garantie auf Lebenszeit kann je nach H\u00e4ndler variieren.<\/p>\n","protected":false},"excerpt":{"rendered":"<ul>\n<li>\n<div class=\"woocommerce-product-details__short-description\">\n<ul>\n<li>Microsoft Office Home &amp; Business 2019 MAC<\/li>\n<li><strong>Lifetime money back guarantee!!!<\/strong><\/li>\n<li>Send by email: product key, instructions, download links, invoice<\/li>\n<li>Instant Download!<\/li>\n<li>No time limit, no subscription<\/li>\n<li>Free installation and activation support<\/li>\n<li>No delivery on data carriers (USB, CD, etc.)<\/li>\n<li>Activation online and by phone<\/li>\n<li><strong>NOT compatible with Android and Windows devices<\/strong><\/li>\n<\/ul>\n<\/div>\n<\/li>\n<\/ul>\n","protected":false},"featured_media":2452,"comment_status":"closed","ping_status":"closed","template":"","meta":[],"product_cat":[59],"product_tag":[63],"_links":{"self":[{"href":"https:\/\/winandoffice.net\/de\/wp-json\/wp\/v2\/product\/2451"}],"collection":[{"href":"https:\/\/winandoffice.net\/de\/wp-json\/wp\/v2\/product"}],"about":[{"href":"https:\/\/winandoffice.net\/de\/wp-json\/wp\/v2\/types\/product"}],"replies":[{"embeddable":true,"href":"https:\/\/winandoffice.net\/de\/wp-json\/wp\/v2\/comments?post=2451"}],"wp:featuredmedia":[{"embeddable":true,"href":"https:\/\/winandoffice.net\/de\/wp-json\/wp\/v2\/media\/2452"}],"wp:attachment":[{"href":"https:\/\/winandoffice.net\/de\/wp-json\/wp\/v2\/media?parent=2451"}],"wp:term":[{"taxonomy":"product_cat","embeddable":true,"href":"https:\/\/winandoffice.net\/de\/wp-json\/wp\/v2\/product_cat?post=2451"},{"taxonomy":"product_tag","embeddable":true,"href":"https:\/\/winandoffice.net\/de\/wp-json\/wp\/v2\/product_tag?post=2451"}],"curies":[{"name":"wp","href":"https:\/\/api.w.org\/{rel}","templated":true}]}}