{"id":2453,"date":"2024-03-30T10:02:30","date_gmt":"2024-03-30T10:02:30","guid":{"rendered":"https:\/\/winandofficeplus.com\/de\/?post_type=product&#038;p=2453"},"modified":"2024-04-13T23:01:16","modified_gmt":"2024-04-13T23:01:16","slug":"microsoft-office-home-business-2016-mac","status":"publish","type":"product","link":"https:\/\/winandoffice.net\/de\/product\/microsoft-office-home-business-2016-mac\/","title":{"rendered":"Microsoft Office Home &amp; Business 2016 MAC"},"content":{"rendered":"<h2>Optimieren Sie Ihren Workflow mit Microsoft Office Home &amp; Business 2016 f\u00fcr Mac<\/h2>\n<div>\n<p data-sourcepos=\"5:1-5:62\"><strong>Cleverer und schneller arbeiten mit erweiterten Funktionen<\/strong><\/p>\n<p data-sourcepos=\"7:1-7:264\">Steigern Sie Ihre Produktivit\u00e4t auf dem Mac mit Microsoft Office Home &amp; Business 2016. Diese Suite bietet Ihnen eine Reihe innovativer Funktionen, mit denen Sie Ihre Arbeit effizienter kommunizieren, erstellen, gemeinsam bearbeiten und teilen k\u00f6nnen, darunter:<\/p>\n<ul data-sourcepos=\"9:1-13:0\">\n<li data-sourcepos=\"9:1-9:143\"><strong>Verbesserte Kommunikation:<\/strong>\u00a0Vereinfachen Sie die E-Mail-Verwaltung, Terminplanung und Kontaktorganisation mit dem brandneuen Outlook 2016.<\/li>\n<li data-sourcepos=\"10:1-10:136\"><strong>Optimierte Zusammenarbeit:<\/strong>\u00a0Arbeiten Sie dank Echtzeit-Mitverfolgungsfunktionen m\u00fchelos gemeinsam an Dokumenten und Pr\u00e4sentationen.<\/li>\n<li data-sourcepos=\"11:1-11:129\"><strong>Vereinfachte Freigabe:<\/strong>\u00a0Teilen Sie Dateien dank intuitiver Freigabefunktionen nahtlos und arbeiten Sie mit anderen zusammen.<\/li>\n<li data-sourcepos=\"12:1-13:0\"><strong>Einfache Inhaltserstellung:<\/strong>\u00a0Erstellen Sie professionelle Dokumente, analysieren Sie Daten m\u00fchelos und gestalten Sie fesselnde Pr\u00e4sentationen mit den neuesten Versionen von Word, Excel und PowerPoint.<\/li>\n<\/ul>\n<p data-sourcepos=\"14:1-14:21\"><strong>Optimiert f\u00fcr Mac<\/strong><\/p>\n<p data-sourcepos=\"16:1-16:104\">Office 2016 f\u00fcr Mac nutzt die neuesten Mac-Funktionen, um eine reibungslose Benutzererfahrung zu bieten:<\/p>\n<ul data-sourcepos=\"18:1-21:0\">\n<li data-sourcepos=\"18:1-18:153\"><strong>Atemberaubende Retina-Display-Unterst\u00fctzung:<\/strong>\u00a0Genie\u00dfen Sie au\u00dfergew\u00f6hnliche Sch\u00e4rfe und lebendige Bilder auf dem hochaufl\u00f6senden Display Ihres Macs.<\/li>\n<li data-sourcepos=\"19:1-19:144\"><strong>Immersive Vollbildansicht:<\/strong>\u00a0Arbeiten Sie mit minimalen Ablenkungen und maximieren Sie Ihren Arbeitsbereich mit dem perfekten Vollbildmodus.<\/li>\n<li data-sourcepos=\"20:1-21:0\"><strong>Nat\u00fcrliches Scrollen mit Scroll-Effekt:<\/strong>\u00a0Erleben Sie ein fl\u00fcssiges und vertrautes Scrollverhalten, das dem Gef\u00fchl nativer Mac-Anwendungen entspricht.<\/li>\n<\/ul>\n<p data-sourcepos=\"22:1-22:49\"><strong>Finden Sie die perfekte Office-Suite f\u00fcr sich<\/strong><\/p>\n<p data-sourcepos=\"24:1-24:279\">W\u00e4hrend sich Microsoft Office Home &amp; Business 2016 an Einzelpersonen und kleine Unternehmen richtet, gibt es eine Vielzahl von Office-Paketen, die unterschiedlichen Anforderungen gerecht werden. Entdecken Sie die verf\u00fcgbaren Optionen, um die ideale L\u00f6sung f\u00fcr sich zu finden.<\/p>\n<p data-sourcepos=\"26:1-26:101\"><strong>Hinweis:<\/strong> Die Garantie f\u00fcr die Geld-zur\u00fcck-Garantie auf Lebenszeit kann je nach H\u00e4ndler variieren.<\/p>\n<p data-sourcepos=\"28:1-28:175\"><strong>Wichtiger Hinweis:<\/strong> Microsoft Office 2016 f\u00fcr Mac hat das Ende seines Lebenszyklus erreicht und erh\u00e4lt keine Sicherheitsupdates mehr. Ber\u00fccksichtigen Sie dies vor dem Kauf.<\/p>\n<\/div>\n","protected":false},"excerpt":{"rendered":"<ul>\n<li>\n<div class=\"woocommerce-product-details__short-description\">\n<ul>\n<li>Microsoft Office Home &amp; Business 2016 MAC<\/li>\n<li><strong>Lifetime money back guarantee!!!<\/strong><\/li>\n<li>Send by email: product key, instructions, download links, invoice<\/li>\n<li>Instant Download!<\/li>\n<li>No time limit, no subscription<\/li>\n<li>Free installation and activation support<\/li>\n<li>No delivery on data carriers (USB, CD, etc.)<\/li>\n<li>Activation online and by phone<\/li>\n<li><strong>NOT compatible with Android and Windows devices<\/strong><\/li>\n<\/ul>\n<\/div>\n<\/li>\n<\/ul>\n","protected":false},"featured_media":2454,"comment_status":"closed","ping_status":"closed","template":"","meta":[],"product_cat":[59],"product_tag":[64],"_links":{"self":[{"href":"https:\/\/winandoffice.net\/de\/wp-json\/wp\/v2\/product\/2453"}],"collection":[{"href":"https:\/\/winandoffice.net\/de\/wp-json\/wp\/v2\/product"}],"about":[{"href":"https:\/\/winandoffice.net\/de\/wp-json\/wp\/v2\/types\/product"}],"replies":[{"embeddable":true,"href":"https:\/\/winandoffice.net\/de\/wp-json\/wp\/v2\/comments?post=2453"}],"wp:featuredmedia":[{"embeddable":true,"href":"https:\/\/winandoffice.net\/de\/wp-json\/wp\/v2\/media\/2454"}],"wp:attachment":[{"href":"https:\/\/winandoffice.net\/de\/wp-json\/wp\/v2\/media?parent=2453"}],"wp:term":[{"taxonomy":"product_cat","embeddable":true,"href":"https:\/\/winandoffice.net\/de\/wp-json\/wp\/v2\/product_cat?post=2453"},{"taxonomy":"product_tag","embeddable":true,"href":"https:\/\/winandoffice.net\/de\/wp-json\/wp\/v2\/product_tag?post=2453"}],"curies":[{"name":"wp","href":"https:\/\/api.w.org\/{rel}","templated":true}]}}