{"id":2455,"date":"2024-03-30T10:04:00","date_gmt":"2024-03-30T10:04:00","guid":{"rendered":"https:\/\/winandofficeplus.com\/de\/?post_type=product&#038;p=2455"},"modified":"2024-04-13T23:03:15","modified_gmt":"2024-04-13T23:03:15","slug":"microsoft-windows-11-professional-premium-license-for-3-devices","status":"publish","type":"product","link":"https:\/\/winandoffice.net\/de\/product\/microsoft-windows-11-professional-premium-license-for-3-devices\/","title":{"rendered":"Microsoft Windows 11 Professional Premium Lizenz f\u00fcr 3 Ger\u00e4te"},"content":{"rendered":"<div id=\"primaryR2\" data-grid=\"container\" data-region-key=\"primaryr2\" data-m=\"{&quot;cN&quot;:&quot;primaryR2 1&quot;,&quot;cT&quot;:&quot;Region_coreui-region&quot;,&quot;id&quot;:&quot;r2a2&quot;,&quot;sN&quot;:2,&quot;aN&quot;:&quot;a2&quot;}\">\n<div id=\"coreui-banner-l03vzh8\" data-m=\"{&quot;cN&quot;:&quot;R2Banner 1&quot;,&quot;cT&quot;:&quot;Module_coreui-banner&quot;,&quot;id&quot;:&quot;m1r2a2&quot;,&quot;sN&quot;:1,&quot;aN&quot;:&quot;r2a2&quot;}\" data-module-id=\"WDG-Windows|primaryR2|coreui-region|coreui-banner-l03vzh8|coreui-banner\">\n<div class=\"m-banner f-align-left\" data-grid=\"col-12\">\n<h2 data-sourcepos=\"3:1-3:94\">Microsoft Windows 11 Professional Premium Lizenz f\u00fcr 3 Ger\u00e4te<\/h2>\n<p data-sourcepos=\"5:1-5:54\"><strong>Aktivieren Sie Windows 11 Pro auf bis zu 3 Ger\u00e4ten<\/strong><\/p>\n<p data-sourcepos=\"7:1-7:284\">Diese Microsoft Windows 11 Pro Premium-Lizenz erm\u00f6glicht die Aktivierung von Windows 11 Pro auf bis zu drei Ger\u00e4ten, perfekt f\u00fcr den Einsatz auf Ihrem PC zu Hause, Notebook und Arbeitscomputer. Genie\u00dfen Sie lebenslange Garantie [\u00fcberpr\u00fcfen Sie die genauen Bedingungen beim Verk\u00e4ufer]!<\/p>\n<p data-sourcepos=\"9:1-9:23\"><strong>Systemanforderungen<\/strong><\/p>\n<p data-sourcepos=\"11:1-11:128\">Um sicherzustellen, dass Windows 11 Pro reibungslos auf Ihren Ger\u00e4ten l\u00e4uft, \u00fcberpr\u00fcfen Sie bitte folgende Mindestanforderungen:<\/p>\n<ul data-sourcepos=\"13:1-20:0\">\n<li data-sourcepos=\"13:1-13:124\">Prozessor: 1 GHz oder schneller mit mindestens 2 Kernen auf einem kompatiblen 64-Bit-Prozessor oder System on a Chip (SoC)<\/li>\n<li data-sourcepos=\"14:1-14:29\">Arbeitsspeicher (RAM): 4 GB<\/li>\n<li data-sourcepos=\"15:1-15:118\">Speicherplatz: 64 GB oder gr\u00f6\u00dferer Speicher [beachten Sie Details zum freien Speicherplatz f\u00fcr Updates weiter unten]<\/li>\n<li data-sourcepos=\"16:1-16:47\">Systemfirmware:\u00a0<span class=\"citation-0\">UEFI, Secure Boot f\u00e4hig<\/span><\/li>\n<li data-sourcepos=\"17:1-17:48\"><span class=\"citation-0\">TPM: Trusted Platform Module (TPM) Version 2.0<\/span><\/li>\n<li data-sourcepos=\"18:1-18:79\"><span class=\"citation-0 citation-end-0\">Grafikkarte: Kompatibel mit DirectX 12 oder h\u00f6her mit WDDM 2.0 Treiber<\/span><\/li>\n<li data-sourcepos=\"19:1-20:0\">Bildschirm: High-Definition (720p) Display mit mindestens 9 Zoll Diagonale und 8 Bits pro Farbkanal<\/li>\n<\/ul>\n<p data-sourcepos=\"21:1-21:55\"><strong>Internetverbindung und Microsoft-Konto erforderlich<\/strong><\/p>\n<p data-sourcepos=\"23:1-23:224\">F\u00fcr die Einrichtung Ihres Ger\u00e4tes mit Windows 11 Home Edition ben\u00f6tigen Sie eine Internetverbindung und ein Microsoft-Konto. Um Ihr Windows 11 Home im S Modus zu verlassen, ist ebenfalls eine Internetverbindung erforderlich.<\/p>\n<p data-sourcepos=\"25:1-25:54\"><strong>Zus\u00e4tzliche Anforderungen f\u00fcr bestimmte Funktionen<\/strong><\/p>\n<p data-sourcepos=\"27:1-27:213\">Beachten Sie, dass einige Funktionen in Windows 11 Pro h\u00f6here Anforderungen haben als die oben genannten Mindestanforderungen. Hier ein kurzer \u00dcberblick \u00fcber die zus\u00e4tzlichen Anforderungen f\u00fcr wichtige Funktionen:<\/p>\n<ul data-sourcepos=\"29:1-49:151\">\n<li data-sourcepos=\"29:1-29:50\">5G-Unterst\u00fctzung erfordert ein 5G-f\u00e4higes Modem.<\/li>\n<li data-sourcepos=\"30:1-30:39\">Auto HDR erfordert einen HDR-Monitor.<\/li>\n<li data-sourcepos=\"31:1-31:80\">BitLocker To Go ben\u00f6tigt einen USB-Stick (verf\u00fcgbar ab Windows Pro Editionen).<\/li>\n<li data-sourcepos=\"32:1-32:134\">Client Hyper-V ben\u00f6tigt einen Prozessor mit Second Level Address Translation (SLAT) Funktionen (verf\u00fcgbar ab Windows Pro Editionen).<\/li>\n<li data-sourcepos=\"33:1-33:245\">Cortana ben\u00f6tigt ein Mikrofon und Lautsprecher und ist aktuell in folgenden L\u00e4ndern verf\u00fcgbar:\u00a0<span class=\"citation-1 citation-end-1\">Australien, Brasilien, Kanada, China, Frankreich, Deutschland, Indien, Italien, Japan, Mexiko, Spanien, Vereinigtes K\u00f6nigreich und<\/span>\u00a0USA.<\/li>\n<li data-sourcepos=\"34:1-34:218\">DirectStorage\u00a0<span class=\"citation-2\">erfordert eine NVMe SSD zum Speichern und Ausf\u00fchren von Spielen,\u00a0<\/span><span class=\"citation-2 citation-3 citation-end-2\">die den &#8220;Standard NVM Express Controller&#8221; Treiber und eine DirectX12 GPU mit<\/span><span class=\"citation-3\">\u00a0Shader Model 6.0 Unterst\u00fctzung verwenden.<\/span><\/li>\n<li data-sourcepos=\"35:1-35:86\"><span class=\"citation-3 citation-end-3\">DirectX 12 Ultimate ist mit unterst\u00fctzten Spielen und Grafikkarten<\/span>\u00a0verf\u00fcgbar.<\/li>\n<li data-sourcepos=\"36:1-36:145\">Pr\u00e4senzfunktion erfordert einen Sensor, der die Entfernung einer Person vom Ger\u00e4t oder die Absicht zur Interaktion mit dem Ger\u00e4t erkennen kann.<\/li>\n<li data-sourcepos=\"37:1-37:91\">Intelligente Videokonferenzen erfordern Kamera, Mikrofon und Lautsprecher (Audioausgabe).<\/li>\n<li data-sourcepos=\"38:1-38:70\">Multipler Sprachassistent (MVA) erfordert Mikrofon und Lautsprecher.<\/li>\n<li data-sourcepos=\"39:1-39:93\">Snap-Dreispaltenlayouts erfordern einen Bildschirm mit mindestens 1920 horizontalen Pixeln.<\/li>\n<li data-sourcepos=\"40:1-40:238\">Stummschaltung\/Anschalten der Mikrofonstummschaltung aus der Taskleiste erfordert Kamera, Mikrofon und Lautsprecher (Audioausgabe). Die App muss mit der Funktion kompatibel sein, um die globale Stummschaltung\/Anschaltung zu erm\u00f6glichen.<\/li>\n<li data-sourcepos=\"41:1-41:59\">Raumklang erfordert unterst\u00fctzende Hardware und Software.<\/li>\n<li data-sourcepos=\"42:1-42:67\">Teams erfordert Kamera, Mikrofon und Lautsprecher (Audioausgabe).<\/li>\n<li data-sourcepos=\"43:1-43:92\">Touchbedienung\u00a0<span class=\"citation-4\">erfordert einen Bildschirm oder Monitor, der Multi-Touch unterst\u00fctzt.<\/span><\/li>\n<li data-sourcepos=\"44:1-44:192\"><span class=\"citation-4 citation-end-4\">Zwei-Faktor-Authentifizierung erfordert die Verwendung<\/span>\u00a0einer PIN, biometrischer Daten (Fingerabdruckleser oder Infrarotkamera) oder eines Telefons mit WLAN- oder Bluetooth-Funktionen.<\/li>\n<li data-sourcepos=\"45:1-45:50\">Spracherkennung erfordert einen PC mit Mikrofon.<\/li>\n<li data-sourcepos=\"46:1-46:70\">Wake on Voice erfordert den modernen Standby-Modus und ein Mikrofon.<\/li>\n<li data-sourcepos=\"47:1-47:105\">Wi-Fi 6E erfordert neue WLAN IHV-Hardware und Treiber sowie einen Wi-Fi 6E-f\u00e4higen Zugangspunkt\/Router.<\/li>\n<li data-sourcepos=\"48:1-48:329\">Windows Hello erfordert eine Kamera, die f\u00fcr die Nahinfrarot (IR)-<span class=\"citation-5\">Bildgebung konfiguriert ist, oder einen Fingerabdruckleser f\u00fcr die biometrische Authentifizierung.\u00a0<\/span><span class=\"citation-5 citation-6 citation-end-5\">Ger\u00e4te ohne biometrische Sensoren k\u00f6nnen Windows Hello mit<\/span><span class=\"citation-6\">\u00a0einer PIN oder einem tragbaren Microsoft-kompatiblen Sicherheitsschl\u00fcssel verwenden.<\/span><\/li>\n<\/ul>\n<\/div>\n<\/div>\n<\/div>\n","protected":false},"excerpt":{"rendered":"<table id=\"short-description\">\n<tbody>\n<tr>\n<td><strong>License:<\/strong><\/td>\n<td><strong>With this license the software can be activated on 3 different devices, e.g. home PC, notebook and work PC<\/strong><\/td>\n<\/tr>\n<tr>\n<td><strong>Delivery:<\/strong><\/td>\n<td><strong>Download link, product key, instructions and invoice delivered instantly by e-mail<\/strong><\/td>\n<\/tr>\n<tr>\n<td><strong>Version:<\/strong><\/td>\n<td><strong>Full unlimited version from certified Microsoft Gold Partner<\/strong>\u00a0<strong>\u2013<\/strong>\u00a0<strong>Lifetime money back guarantee!!!<\/strong><\/td>\n<\/tr>\n<tr>\n<td><strong>Languages:<\/strong><\/td>\n<td><strong>English<\/strong>, <strong>Spanish, Italian, German, French<\/strong><\/td>\n<\/tr>\n<tr>\n<td><strong>Support:<\/strong><\/td>\n<td><strong>24\/7 in English<\/strong><\/td>\n<\/tr>\n<\/tbody>\n<\/table>\n<p>149.99<\/p>\n","protected":false},"featured_media":2456,"comment_status":"closed","ping_status":"closed","template":"","meta":[],"product_cat":[15],"product_tag":[65],"_links":{"self":[{"href":"https:\/\/winandoffice.net\/de\/wp-json\/wp\/v2\/product\/2455"}],"collection":[{"href":"https:\/\/winandoffice.net\/de\/wp-json\/wp\/v2\/product"}],"about":[{"href":"https:\/\/winandoffice.net\/de\/wp-json\/wp\/v2\/types\/product"}],"replies":[{"embeddable":true,"href":"https:\/\/winandoffice.net\/de\/wp-json\/wp\/v2\/comments?post=2455"}],"wp:featuredmedia":[{"embeddable":true,"href":"https:\/\/winandoffice.net\/de\/wp-json\/wp\/v2\/media\/2456"}],"wp:attachment":[{"href":"https:\/\/winandoffice.net\/de\/wp-json\/wp\/v2\/media?parent=2455"}],"wp:term":[{"taxonomy":"product_cat","embeddable":true,"href":"https:\/\/winandoffice.net\/de\/wp-json\/wp\/v2\/product_cat?post=2455"},{"taxonomy":"product_tag","embeddable":true,"href":"https:\/\/winandoffice.net\/de\/wp-json\/wp\/v2\/product_tag?post=2455"}],"curies":[{"name":"wp","href":"https:\/\/api.w.org\/{rel}","templated":true}]}}