{"id":2461,"date":"2024-03-30T10:21:14","date_gmt":"2024-03-30T10:21:14","guid":{"rendered":"https:\/\/winandofficeplus.com\/de\/?post_type=product&#038;p=2461"},"modified":"2024-04-13T23:08:56","modified_gmt":"2024-04-13T23:08:56","slug":"microsoft-windows-11-home-microsoft-office-2021-standard","status":"publish","type":"product","link":"https:\/\/winandoffice.net\/de\/product\/microsoft-windows-11-home-microsoft-office-2021-standard\/","title":{"rendered":"Microsoft Windows 11 Home + Microsoft Office 2021 Standard"},"content":{"rendered":"<div id=\"primaryR2\" data-grid=\"container\" data-region-key=\"primaryr2\" data-m=\"{&quot;cN&quot;:&quot;primaryR2 1&quot;,&quot;cT&quot;:&quot;Region_coreui-region&quot;,&quot;id&quot;:&quot;r2a2&quot;,&quot;sN&quot;:2,&quot;aN&quot;:&quot;a2&quot;}\">\n<div id=\"coreui-banner-l03vzh8\" data-m=\"{&quot;cN&quot;:&quot;R2Banner 1&quot;,&quot;cT&quot;:&quot;Module_coreui-banner&quot;,&quot;id&quot;:&quot;m1r2a2&quot;,&quot;sN&quot;:1,&quot;aN&quot;:&quot;r2a2&quot;}\" data-module-id=\"WDG-Windows|primaryR2|coreui-region|coreui-banner-l03vzh8|coreui-banner\">\n<div class=\"m-banner f-align-left\" data-grid=\"col-12\">\n<h2 data-sourcepos=\"1:1-1:47\">Arbeiten Sie produktiver mit Windows 11 Home<\/h2>\n<p data-sourcepos=\"3:1-3:135\">Windows 11 Home bringt frischen Wind auf Ihren PC und bietet Ihnen die perfekte Grundlage f\u00fcr allt\u00e4gliche Aufgaben und Entertainment.<\/p>\n<p data-sourcepos=\"5:1-5:23\"><strong>Systemanforderungen<\/strong><\/p>\n<p data-sourcepos=\"7:1-7:128\">Windows 11 Home stellt keine allzu hohen Anspr\u00fcche an Ihre Hardware. Um das neue Betriebssystem nutzen zu k\u00f6nnen, ben\u00f6tigen Sie:<\/p>\n<ul data-sourcepos=\"9:1-17:0\">\n<li data-sourcepos=\"9:1-9:124\">Prozessor: 1 GHz oder schneller mit mindestens 2 Kernen auf einem kompatiblen 64-Bit-Prozessor oder System on a Chip (SoC)<\/li>\n<li data-sourcepos=\"10:1-10:34\">Arbeitsspeicher: 4 Gigabyte (GB)<\/li>\n<li data-sourcepos=\"11:1-11:56\">Speicherplatz:\u00a0<span class=\"citation-0\">64 GB oder gr\u00f6\u00dferes Speicherger\u00e4t<\/span><\/li>\n<li data-sourcepos=\"12:1-12:47\"><span class=\"citation-0\">Systemfirmware:\u00a0<\/span><span class=\"citation-0 citation-1\">UEFI, Secure Boot f\u00e4hig<\/span><\/li>\n<li data-sourcepos=\"13:1-13:48\"><span class=\"citation-0 citation-1\">TPM: Trusted Platform Module (TPM) Version 2.0<\/span><\/li>\n<li data-sourcepos=\"14:1-14:86\"><span class=\"citation-0 citation-1 citation-end-0\">Grafikkarte: Kompatibel mit DirectX 12<\/span><span class=\"citation-1 citation-end-1\">\u00a0oder h\u00f6her mit WDDM 2.0 Treiber<\/span><\/li>\n<li data-sourcepos=\"15:1-15:95\">Display: High Definition (720p) Display mit mehr als 9 Zoll Diagonale und 8 Bit pro Farbkanal<\/li>\n<li data-sourcepos=\"16:1-17:0\">Internetverbindung und Microsoft-Konto: F\u00fcr die erstmalige Einrichtung unter Windows 11 Home wird eine Internetverbindung und ein Microsoft-Konto ben\u00f6tigt.<\/li>\n<\/ul>\n<p data-sourcepos=\"18:1-18:32\"><strong>Vorteile von Windows 11 Home<\/strong><\/p>\n<ul data-sourcepos=\"20:1-25:0\">\n<li data-sourcepos=\"20:1-20:120\"><strong>Modernes Design und intuitive Bedienung:<\/strong>\u00a0Genie\u00dfen Sie die neue Benutzeroberfl\u00e4che und die vereinfachte Navigation.<\/li>\n<li data-sourcepos=\"21:1-21:98\"><strong>Verbesserte Leistung:<\/strong>\u00a0Sp\u00fcren Sie den Geschwindigkeitszuwachs und die optimierte Performance.<\/li>\n<li data-sourcepos=\"22:1-22:106\"><strong>Sicherheit auf h\u00f6chstem Niveau:<\/strong>\u00a0Sch\u00fctzen Sie Ihre Daten mit fortschrittlichen Sicherheitsfunktionen.<\/li>\n<li data-sourcepos=\"23:1-23:147\"><strong>Umfassende Integration mit Microsoft 365:<\/strong>\u00a0Arbeiten Sie nahtlos mit Ihren bevorzugten Produktivit\u00e4tsanwendungen zusammen (separat erh\u00e4ltlich).<\/li>\n<li data-sourcepos=\"24:1-25:0\"><strong>Gaming der n\u00e4chsten Generation:<\/strong>\u00a0Erleben Sie Spiele mit atemberaubender Grafik und immersivem Gameplay (mit kompatibler Hardware).<\/li>\n<\/ul>\n<p data-sourcepos=\"26:1-26:37\"><strong>Hinweise zu bestimmten Funktionen<\/strong><\/p>\n<p data-sourcepos=\"28:1-28:171\">Einige Funktionen in Windows 11 Home haben h\u00f6here Anforderungen als die oben genannten Mindestanforderungen. Hier einige Details zu den Anforderungen wichtiger Funktionen:<\/p>\n<ul data-sourcepos=\"30:1-34:0\">\n<li data-sourcepos=\"30:1-30:58\">F\u00fcr 5G-Unterst\u00fctzung wird ein 5G-f\u00e4higes Modem ben\u00f6tigt.<\/li>\n<li data-sourcepos=\"31:1-31:39\">Auto HDR erfordert einen HDR-Monitor.<\/li>\n<li data-sourcepos=\"32:1-32:79\">BitLocker To Go ist ab Windows 11 Pro verf\u00fcgbar und ben\u00f6tigt einen USB-Stick.<\/li>\n<li data-sourcepos=\"33:1-34:0\">Client Hyper-V ben\u00f6tigt einen Prozessor mit Second Level Address Translation (SLAT) Funktionen (ab Windows 11 Pro).<\/li>\n<\/ul>\n<p data-sourcepos=\"35:1-35:34\"><strong>Microsoft Office 2021 Standard<\/strong><\/p>\n<p data-sourcepos=\"37:1-37:185\">Erg\u00e4nzen Sie Ihr Windows 11 Home Erlebnis mit der bew\u00e4hrten Office 2021 Standard Edition. Dieses Paket beinhaltet alle wichtigen Office-Programme f\u00fcr die private und berufliche Nutzung:<\/p>\n<ul data-sourcepos=\"39:1-45:0\">\n<li data-sourcepos=\"39:1-39:51\">Word: Erstellen Sie professionelle Textdokumente.<\/li>\n<li data-sourcepos=\"40:1-40:57\">Excel: Verwalten Sie Ihre Daten und Tabellen effizient.<\/li>\n<li data-sourcepos=\"41:1-41:57\">Outlook: Bleiben Sie mit Ihren Kontakten in Verbindung.<\/li>\n<li data-sourcepos=\"42:1-42:58\">PowerPoint: Gestalten Sie beeindruckende Pr\u00e4sentationen.<\/li>\n<li data-sourcepos=\"43:1-43:59\">OneNote: Organisieren Sie Ihre Notizen und Ideen digital.<\/li>\n<li data-sourcepos=\"44:1-45:0\">Publisher: Erstellen Sie ansprechende Publikationen.<\/li>\n<\/ul>\n<p data-sourcepos=\"46:1-46:29\"><strong>Kundenservice und Support<\/strong><\/p>\n<p data-sourcepos=\"48:1-48:111\">Sollten Sie Fragen haben, steht Ihnen unser kompetenter Kundenservice per E-Mail rund um die Uhr zur Verf\u00fcgung.<\/p>\n<p data-sourcepos=\"50:1-50:118\"><strong>Investieren Sie in Produktivit\u00e4t und holen Sie sich noch heute Windows 11 Home und Microsoft Office 2021 Standard!<\/strong><\/p>\n<\/div>\n<\/div>\n<\/div>\n","protected":false},"excerpt":{"rendered":"<p>&nbsp;<\/p>\n<table id=\"short-description\">\n<tbody>\n<tr>\n<td><strong>License: <\/strong><\/td>\n<td>For activation on 1 PC (online or by phone)<\/p>\n<p><strong>Lifetime money back guarantee!!!<\/strong><\/td>\n<\/tr>\n<tr>\n<td><strong>Delivery: <\/strong><\/td>\n<td>Download link and instructions delivered instantly by e-mail<\/td>\n<\/tr>\n<tr>\n<td><strong>Version: <\/strong><\/td>\n<td>For 32 and 64 bit systems, full unlimited versions of software<\/td>\n<\/tr>\n<tr>\n<td><strong>Languages: <\/strong><\/td>\n<td>English, Spanish, Italian, German, French<\/td>\n<\/tr>\n<tr>\n<td><strong>Support: <\/strong><\/td>\n<td>24\/7 in English<\/td>\n<\/tr>\n<\/tbody>\n<\/table>\n<p><span style=\"color: #ff0000;\">IMPORTANT: Does not work on Mac OS, IOS, iPad OS, Android, Chromebook!<\/span><\/p>\n","protected":false},"featured_media":2462,"comment_status":"closed","ping_status":"closed","template":"","meta":[],"product_cat":[15,58],"product_tag":[68],"_links":{"self":[{"href":"https:\/\/winandoffice.net\/de\/wp-json\/wp\/v2\/product\/2461"}],"collection":[{"href":"https:\/\/winandoffice.net\/de\/wp-json\/wp\/v2\/product"}],"about":[{"href":"https:\/\/winandoffice.net\/de\/wp-json\/wp\/v2\/types\/product"}],"replies":[{"embeddable":true,"href":"https:\/\/winandoffice.net\/de\/wp-json\/wp\/v2\/comments?post=2461"}],"wp:featuredmedia":[{"embeddable":true,"href":"https:\/\/winandoffice.net\/de\/wp-json\/wp\/v2\/media\/2462"}],"wp:attachment":[{"href":"https:\/\/winandoffice.net\/de\/wp-json\/wp\/v2\/media?parent=2461"}],"wp:term":[{"taxonomy":"product_cat","embeddable":true,"href":"https:\/\/winandoffice.net\/de\/wp-json\/wp\/v2\/product_cat?post=2461"},{"taxonomy":"product_tag","embeddable":true,"href":"https:\/\/winandoffice.net\/de\/wp-json\/wp\/v2\/product_tag?post=2461"}],"curies":[{"name":"wp","href":"https:\/\/api.w.org\/{rel}","templated":true}]}}