{"id":2467,"date":"2024-03-30T10:27:43","date_gmt":"2024-03-30T10:27:43","guid":{"rendered":"https:\/\/winandofficeplus.com\/de\/?post_type=product&#038;p=2467"},"modified":"2024-04-14T21:08:25","modified_gmt":"2024-04-14T21:08:25","slug":"microsoft-windows-10-pro-visio-2019-pro-project-2019-pro-office-2019-pro-plus-license-for-3-pc","status":"publish","type":"product","link":"https:\/\/winandoffice.net\/de\/product\/microsoft-windows-10-pro-visio-2019-pro-project-2019-pro-office-2019-pro-plus-license-for-3-pc\/","title":{"rendered":"Microsoft Windows 10 Pro + Visio 2019 Pro + Project 2019 Pro + Office 2019 Pro Plus Lizenz f\u00fcr 3 Ger\u00e4te"},"content":{"rendered":"<h2 data-sourcepos=\"1:1-1:68\">Verwalten Sie Ihre Ger\u00e4te effizient mit Windows 10 Pro (3 Ger\u00e4te)<\/h2>\n<p data-sourcepos=\"3:1-3:338\"><strong>Optimieren Sie Ihre Arbeit und Ihr Privatleben<\/strong> mit einer vielseitigen Windows 10 Pro-Lizenz, die auf bis zu 3 Ger\u00e4ten aktiviert werden kann. Verwalten Sie Ihren Heim-PC, Ihr Notebook und sogar Ihren Arbeitscomputer mit verbesserten Sicherheitsfunktionen und Produktivit\u00e4tstools, die perfekt f\u00fcr verschiedene Bed\u00fcrfnisse geeignet sind.<\/p>\n<p data-sourcepos=\"5:1-5:59\"><strong>Optimierte Benutzererfahrung und erweiterte Sicherheit:<\/strong><\/p>\n<p data-sourcepos=\"7:1-7:188\">Windows 10 Pro bietet eine vertraute, aber verbesserte Oberfl\u00e4che mit schnelleren Systemstarts. Erhalten Sie Sicherheitsfunktionen wie BitLocker-Verschl\u00fcsselung, um Ihre Daten zu sch\u00fctzen.<\/p>\n<p data-sourcepos=\"9:1-9:45\"><strong>F\u00f6rdern Sie Zusammenarbeit und Effizienz:<\/strong><\/p>\n<p data-sourcepos=\"11:1-11:197\">Cortana, Ihr pers\u00f6nlicher digitaler Assistent (in ausgew\u00e4hlten Regionen verf\u00fcgbar), hilft Ihnen bei der Erledigung von Aufgaben und dem Zugriff auf Informationen auf allen Ihren Windows 10-Ger\u00e4ten.<\/p>\n<p data-sourcepos=\"13:1-13:44\"><strong>Hochgradig kompatibel und kosteng\u00fcnstig:<\/strong><\/p>\n<p data-sourcepos=\"15:1-15:166\">Windows 10 Pro minimiert Upgrade-Kosten durch Anpassung an Ihre vorhandene Hardware. Die minimalen Systemanforderungen gew\u00e4hrleisten eine breite Ger\u00e4tekompatibilit\u00e4t.<\/p>\n<p data-sourcepos=\"17:1-17:67\"><strong>Investieren Sie in Ihre Produktivit\u00e4t mit zus\u00e4tzlicher Software<\/strong><\/p>\n<p data-sourcepos=\"19:1-19:59\">Erw\u00e4gen Sie diese Add-Ons, um Ihren Workflow zu verbessern:<\/p>\n<ul data-sourcepos=\"21:1-35:0\">\n<li data-sourcepos=\"21:1-29:0\">\n<p data-sourcepos=\"21:3-21:57\"><strong>Microsoft Office 2019 Professional Plus (3 Ger\u00e4te):<\/strong><\/p>\n<ul data-sourcepos=\"22:5-29:0\">\n<li data-sourcepos=\"22:5-22:100\">Verwalten Sie Dokumente (Word), Tabellenkalkulationen (Excel) und Pr\u00e4sentationen (PowerPoint).<\/li>\n<li data-sourcepos=\"23:5-23:64\">Organisieren Sie E-Mails, Kontakte und Aufgaben (Outlook).<\/li>\n<li data-sourcepos=\"24:5-24:61\">Erstellen Sie professionelle Publikationen (Publisher).<\/li>\n<li data-sourcepos=\"25:5-25:41\">Entwerfen Sie Datenbanken (Access).<\/li>\n<li data-sourcepos=\"26:5-26:76\">Erm\u00f6glichen Sie Kommunikation und Zusammenarbeit (Skype for Business).<\/li>\n<li data-sourcepos=\"27:5-29:0\">Bearbeiten Sie Dokumente online mit Web-Apps (Word, Excel, PowerPoint).<br \/>\n<strong>Hinweis:<\/strong>\u00a0OneNote ist eine separate App, die in Windows 10 enthalten ist, nicht Teil von Office 2019.<\/li>\n<\/ul>\n<\/li>\n<li data-sourcepos=\"30:1-32:0\">\n<p data-sourcepos=\"30:3-30:51\"><strong>Microsoft Visio 2019 Professional (3 Ger\u00e4te):<\/strong><\/p>\n<ul data-sourcepos=\"31:5-32:0\">\n<li data-sourcepos=\"31:5-32:0\">Erstellen und visualisieren Sie verschiedene Diagramme, um die Kommunikation und Planung in Ihren Projekten zu optimieren.<\/li>\n<\/ul>\n<\/li>\n<li data-sourcepos=\"33:1-35:0\">\n<p data-sourcepos=\"33:3-33:53\"><strong>Microsoft Project 2019 Professional (3 Ger\u00e4te):<\/strong><\/p>\n<ul data-sourcepos=\"34:5-35:0\">\n<li data-sourcepos=\"34:5-35:0\">Verwalten Sie komplexe Projekte effizient mit Funktionen wie Ressourcenmanagement, Aufgabensynchronisierung und Echtzeit-Kollaborationstools.<\/li>\n<\/ul>\n<\/li>\n<\/ul>\n<p data-sourcepos=\"36:1-36:83\"><strong>Maximieren Sie Ihre Produktivit\u00e4t. Kaufen Sie noch heute Ihre Originallizenzen!<\/strong><\/p>\n<p data-sourcepos=\"38:1-38:147\"><strong>Wir bieten lebenslange Geld-zur\u00fcck-Garantien f\u00fcr Ihre Sicherheit. Unser hervorragender Kundensupport steht Ihnen rund um die Uhr zur Verf\u00fcgung.<\/strong><\/p>\n","protected":false},"excerpt":{"rendered":"<ul>\n<li>Microsoft Windows 10 Professional &amp; Office 2019 Professional Plus &amp; Visio 2019 Professional &amp; Project 2019 Professional license for 3 PC<\/li>\n<li><strong>With this license the software can be activated on 3 different devices, e.g. home PC, notebook and work PC<\/strong><\/li>\n<li><strong>Lifetime money back guarantee!!!<\/strong><\/li>\n<li>Versions for 32 and 64 bit systems available<\/li>\n<li>Delivery by e-mail: product key, instructions, download links, invoice<\/li>\n<li>Instant download!<\/li>\n<li>No time limit, no subscription<\/li>\n<li>Free support during installation and activation<\/li>\n<li>Not available on physical media (USB, CD, etc.)<\/li>\n<li>For Microsoft Windows<\/li>\n<li>NOT compatible with Apple operating systems (macOS, iPadOS, iOS), Chromebooks<\/li>\n<li>NOT compatible with Android devices<\/li>\n<\/ul>\n","protected":false},"featured_media":2468,"comment_status":"closed","ping_status":"closed","template":"","meta":[],"product_cat":[15,58,56],"product_tag":[71],"_links":{"self":[{"href":"https:\/\/winandoffice.net\/de\/wp-json\/wp\/v2\/product\/2467"}],"collection":[{"href":"https:\/\/winandoffice.net\/de\/wp-json\/wp\/v2\/product"}],"about":[{"href":"https:\/\/winandoffice.net\/de\/wp-json\/wp\/v2\/types\/product"}],"replies":[{"embeddable":true,"href":"https:\/\/winandoffice.net\/de\/wp-json\/wp\/v2\/comments?post=2467"}],"wp:featuredmedia":[{"embeddable":true,"href":"https:\/\/winandoffice.net\/de\/wp-json\/wp\/v2\/media\/2468"}],"wp:attachment":[{"href":"https:\/\/winandoffice.net\/de\/wp-json\/wp\/v2\/media?parent=2467"}],"wp:term":[{"taxonomy":"product_cat","embeddable":true,"href":"https:\/\/winandoffice.net\/de\/wp-json\/wp\/v2\/product_cat?post=2467"},{"taxonomy":"product_tag","embeddable":true,"href":"https:\/\/winandoffice.net\/de\/wp-json\/wp\/v2\/product_tag?post=2467"}],"curies":[{"name":"wp","href":"https:\/\/api.w.org\/{rel}","templated":true}]}}