{"id":2470,"date":"2024-03-30T10:30:44","date_gmt":"2024-03-30T10:30:44","guid":{"rendered":"https:\/\/winandofficeplus.com\/de\/?post_type=product&#038;p=2470"},"modified":"2024-04-13T23:16:13","modified_gmt":"2024-04-13T23:16:13","slug":"microsoft-windows-11-home-microsoft-office-2021-professional-plus","status":"publish","type":"product","link":"https:\/\/winandoffice.net\/de\/product\/microsoft-windows-11-home-microsoft-office-2021-professional-plus\/","title":{"rendered":"Microsoft Windows 11 Home + Microsoft Office 2021 Professional Plus"},"content":{"rendered":"<div id=\"primaryR2\" data-grid=\"container\" data-region-key=\"primaryr2\" data-m=\"{&quot;cN&quot;:&quot;primaryR2 1&quot;,&quot;cT&quot;:&quot;Region_coreui-region&quot;,&quot;id&quot;:&quot;r2a2&quot;,&quot;sN&quot;:2,&quot;aN&quot;:&quot;a2&quot;}\">\n<div id=\"coreui-banner-l03vzh8\" data-m=\"{&quot;cN&quot;:&quot;R2Banner 1&quot;,&quot;cT&quot;:&quot;Module_coreui-banner&quot;,&quot;id&quot;:&quot;m1r2a2&quot;,&quot;sN&quot;:1,&quot;aN&quot;:&quot;r2a2&quot;}\" data-module-id=\"WDG-Windows|primaryR2|coreui-region|coreui-banner-l03vzh8|coreui-banner\">\n<div class=\"m-banner f-align-left\" data-grid=\"col-12\">\n<h2 data-sourcepos=\"1:1-1:67\">Windows 11 Home: Steigern Sie Ihre Produktivit\u00e4t und Kreativit\u00e4t<\/h2>\n<p data-sourcepos=\"3:1-3:232\"><strong>Optimieren Sie Ihr Home-Entertainment und die Produktivit\u00e4t<\/strong> mit der neuesten Version des beliebten Betriebssystems &#8211; Windows 11 Home. Genie\u00dfen Sie ein modernes Design, verbesserte Funktionen und intuitive Benutzerfreundlichkeit.<\/p>\n<p data-sourcepos=\"5:1-5:24\"><strong>Systemanforderungen:<\/strong><\/p>\n<ul data-sourcepos=\"7:1-17:0\">\n<li data-sourcepos=\"7:1-7:136\">Prozessor: 1 Gigahertz (GHz) oder schneller mit mindestens 2 Kernen auf einem kompatiblen 64-Bit-Prozessor oder System on a Chip (SoC)<\/li>\n<li data-sourcepos=\"8:1-8:40\">Arbeitsspeicher (RAM): 4 Gigabyte (GB)<\/li>\n<li data-sourcepos=\"9:1-9:56\">Speicherplatz:\u00a0<span class=\"citation-0\">64 GB oder gr\u00f6\u00dferes Speicherger\u00e4t<\/span><\/li>\n<li data-sourcepos=\"10:1-10:47\"><span class=\"citation-0\">Systemfirmware:\u00a0<\/span><span class=\"citation-0 citation-1\">UEFI, Secure Boot f\u00e4hig<\/span><\/li>\n<li data-sourcepos=\"11:1-11:48\"><span class=\"citation-0 citation-1\">TPM: Trusted Platform Module (TPM) Version 2.0<\/span><\/li>\n<li data-sourcepos=\"12:1-12:86\"><span class=\"citation-0 citation-1 citation-end-0\">Grafikkarte: Kompatibel mit DirectX 12<\/span><span class=\"citation-1 citation-end-1\">\u00a0oder h\u00f6her mit WDDM 2.0 Treiber<\/span><\/li>\n<li data-sourcepos=\"13:1-13:98\">Anzeige: High-Definition (720p) Display mit mindestens 9 Zoll Diagonale und 8 Bits pro Farbkanal<\/li>\n<li data-sourcepos=\"14:1-14:172\">Internetverbindung und Microsoft-Konto: F\u00fcr die erstmalige Einrichtung eines Ger\u00e4ts mit Windows 11 Home sind eine Internetverbindung und ein Microsoft-Konto erforderlich.<\/li>\n<li data-sourcepos=\"15:1-15:201\">Internetzugang ist f\u00fcr alle Windows 11 Editionen erforderlich, um Updates durchzuf\u00fchren und\u00a0<span class=\"citation-2\">Funktionen herunterzuladen und zu nutzen. F\u00fcr einige Funktionen ist ein Microsoft-Konto erforderlich.<\/span><\/li>\n<li data-sourcepos=\"16:1-17:0\"><span class=\"citation-2 citation-end-2\">Im Laufe der Zeit k\u00f6nnen zus\u00e4tzliche Anforderungen f\u00fcr Updates sowie Anforderungen zum Aktivieren bestimmter Funktionen innerhalb des Betriebssystems<\/span>\u00a0auftreten.<\/li>\n<\/ul>\n<p data-sourcepos=\"18:1-18:33\"><strong>Vorteile von Windows 11 Home:<\/strong><\/p>\n<ul data-sourcepos=\"20:1-25:0\">\n<li data-sourcepos=\"20:1-20:118\"><strong>Modernes Design:<\/strong>\u00a0Genie\u00dfen Sie eine aktualisierte Oberfl\u00e4che mit einem neuen Startmen\u00fc und intuitiven Funktionen.<\/li>\n<li data-sourcepos=\"21:1-21:98\"><strong>Verbesserte Leistung:<\/strong>\u00a0Erleben Sie schnellere Startzeiten und ein fl\u00fcssigeres Gesamterlebnis.<\/li>\n<li data-sourcepos=\"22:1-22:112\"><strong>Erh\u00f6hte Sicherheit:<\/strong>\u00a0Sch\u00fctzen Sie Ihre Daten mit erweiterten Sicherheitsfunktionen, einschlie\u00dflich TPM 2.0.<\/li>\n<li data-sourcepos=\"23:1-23:101\"><strong>Optimierte Produktivit\u00e4t:<\/strong>\u00a0Nutzen Sie neue Funktionen zur Multitasking und effizienteren Arbeit.<\/li>\n<li data-sourcepos=\"24:1-25:0\"><strong>Spieleunterst\u00fctzung:<\/strong>\u00a0Genie\u00dfen Sie Ihre Lieblings-Games mit Unterst\u00fctzung f\u00fcr DirectX 12 Ultimate und Auto HDR (mit entsprechendem Monitor).<\/li>\n<\/ul>\n<p data-sourcepos=\"26:1-26:24\"><strong>Wichtig zu beachten:<\/strong><\/p>\n<p data-sourcepos=\"28:1-28:234\">Einige Funktionen in Windows 11 haben h\u00f6here Anforderungen als die oben aufgef\u00fchrten Mindestvoraussetzungen. Weitere Details zu den Anforderungen f\u00fcr wichtige Funktionen finden Sie hier: [Link zu detaillierten Anforderungen einf\u00fcgen].<\/p>\n<p data-sourcepos=\"30:1-30:43\"><strong>Microsoft Office 2021 Professional Plus<\/strong><\/p>\n<p data-sourcepos=\"32:1-32:177\"><strong>Optimale Produktivit\u00e4t f\u00fcr zu Hause und im B\u00fcro<\/strong> mit der neuesten Version der Microsoft Office Suite &#8211; Office 2021 Professional Plus. Enthalten sind alle wichtigen Programme:<\/p>\n<ul data-sourcepos=\"34:1-42:0\">\n<li data-sourcepos=\"34:1-34:67\">Word: Erstellen Sie professionelle Textdokumente im Handumdrehen.<\/li>\n<li data-sourcepos=\"35:1-35:69\">Excel: Intelligente Tabellenkalkulation zur Informationsverwaltung.<\/li>\n<li data-sourcepos=\"36:1-36:73\">PowerPoint: Gestalten Sie beeindruckende und dynamische Pr\u00e4sentationen.<\/li>\n<li data-sourcepos=\"37:1-37:54\">OneNote: Ihr digitales Notizbuch f\u00fcr all Ihre Ideen.<\/li>\n<li data-sourcepos=\"38:1-38:93\">Outlook: Kommunikation leicht gemacht &#8211; E-Mails, Kalender und Kontakte perfekt organisiert.<\/li>\n<li data-sourcepos=\"39:1-39:68\">Publisher: Erstellen Sie professionelle Layouts f\u00fcr Publikationen.<\/li>\n<li data-sourcepos=\"40:1-40:66\">Access: Datenbankprogrammierung f\u00fcr browserbasierte Anwendungen.<\/li>\n<li data-sourcepos=\"41:1-42:0\">Microsoft Teams: Steigern Sie die Zusammenarbeit im Team mit Instant Messaging und HD-Videokonferenzen.<\/li>\n<\/ul>\n<p data-sourcepos=\"43:1-43:53\"><strong>Lifetime-Geld-zur\u00fcck-Garantie<\/strong> auf beide Produkte!<\/p>\n<p data-sourcepos=\"45:1-45:102\"><strong>Unser hervorragender Kundenservice steht Ihnen 7 Tage die Woche, 24 Stunden am Tag zur Verf\u00fcgung.<\/strong><\/p>\n<\/div>\n<\/div>\n<\/div>\n","protected":false},"excerpt":{"rendered":"<p>&nbsp;<\/p>\n<table id=\"short-description\">\n<tbody>\n<tr>\n<td><strong>License: <\/strong><\/td>\n<td>For activation on 1 PC (online or by phone)<\/p>\n<p><strong>Lifetime money back guarantee!!!<\/strong><\/td>\n<\/tr>\n<tr>\n<td><strong>Delivery: <\/strong><\/td>\n<td>Download link, product key, instructions, and invoice delivered instantly by e- mail. Not available on physical media (USB, CD, etc.)<\/td>\n<\/tr>\n<tr>\n<td><strong>Version: <\/strong><\/td>\n<td>For 32 and 64 bit systems, full unlimited versions of software<\/td>\n<\/tr>\n<tr>\n<td><strong>Languages: <\/strong><\/td>\n<td>English, Spanish, Italian, German, French<\/td>\n<\/tr>\n<tr>\n<td><strong>Support: <\/strong><\/td>\n<td>24\/7 in English<\/td>\n<\/tr>\n<\/tbody>\n<\/table>\n<ul>\n<li><span style=\"color: #339966;\"><strong> This product is compatible with Windows.<\/strong><\/span><\/li>\n<li><span style=\"color: #ff0000;\"><strong>NOT compatible with Apple macOS\u2122, Android devices and Chromebooks.<\/strong><\/span><\/li>\n<\/ul>\n","protected":false},"featured_media":2471,"comment_status":"closed","ping_status":"closed","template":"","meta":[],"product_cat":[15,58],"product_tag":[72],"_links":{"self":[{"href":"https:\/\/winandoffice.net\/de\/wp-json\/wp\/v2\/product\/2470"}],"collection":[{"href":"https:\/\/winandoffice.net\/de\/wp-json\/wp\/v2\/product"}],"about":[{"href":"https:\/\/winandoffice.net\/de\/wp-json\/wp\/v2\/types\/product"}],"replies":[{"embeddable":true,"href":"https:\/\/winandoffice.net\/de\/wp-json\/wp\/v2\/comments?post=2470"}],"wp:featuredmedia":[{"embeddable":true,"href":"https:\/\/winandoffice.net\/de\/wp-json\/wp\/v2\/media\/2471"}],"wp:attachment":[{"href":"https:\/\/winandoffice.net\/de\/wp-json\/wp\/v2\/media?parent=2470"}],"wp:term":[{"taxonomy":"product_cat","embeddable":true,"href":"https:\/\/winandoffice.net\/de\/wp-json\/wp\/v2\/product_cat?post=2470"},{"taxonomy":"product_tag","embeddable":true,"href":"https:\/\/winandoffice.net\/de\/wp-json\/wp\/v2\/product_tag?post=2470"}],"curies":[{"name":"wp","href":"https:\/\/api.w.org\/{rel}","templated":true}]}}