{"id":2476,"date":"2024-03-30T13:05:14","date_gmt":"2024-03-30T13:05:14","guid":{"rendered":"https:\/\/winandofficeplus.com\/de\/?post_type=product&#038;p=2476"},"modified":"2024-04-13T20:32:17","modified_gmt":"2024-04-13T20:32:17","slug":"microsoft-windows-10-professional-office-2021-professional-plus-premium-license-for-3-devices","status":"publish","type":"product","link":"https:\/\/winandoffice.net\/de\/product\/microsoft-windows-10-professional-office-2021-professional-plus-premium-license-for-3-devices\/","title":{"rendered":"Microsoft Windows 10 Professional + Office 2021 Professional Plus Premium-Lizenz f\u00fcr 3 PCs"},"content":{"rendered":"<h2>Die Produktivit\u00e4t steigern mit Windows 10 Pro &amp; Office 2021 Professional Plus (jeweils f\u00fcr 3 Ger\u00e4te)<\/h2>\n<p>Dieses leistungsstarke Bundle stattet Sie mit den essentiellen Werkzeugen aus, um Ihren Arbeitstag auf 3 Ger\u00e4ten zu dominieren!<\/p>\n<h3>Entfesseln Sie das Potenzial von Windows 10 Professional:<\/h3>\n<p>Erh\u00f6hte Sicherheit: Sch\u00fctzen Sie Ihre Daten und Privatsph\u00e4re mit robusten Sicherheitsfunktionen, die in Windows 10 Pro integriert sind. Fernzugriff auf den Desktop: Arbeiten Sie nahtlos von \u00fcberall aus mit der M\u00f6glichkeit, auf Ihre Ger\u00e4te remote zuzugreifen. Gesteigerte Effizienz: Profitieren Sie von einer optimierten Benutzeroberfl\u00e4che, verbesserten Multitasking-F\u00e4higkeiten und einer Vielzahl von produktivit\u00e4tssteigernden Funktionen. Breite Ger\u00e4tekompatibilit\u00e4t: Genie\u00dfen Sie eine reibungslose Benutzererfahrung auf einer Vielzahl von Ger\u00e4ten, ohne dass umfangreiche Hardware-Upgrades erforderlich sind (Siehe Mindestsystemanforderungen unten).<\/p>\n<h2>Meistern Sie jede Aufgabe mit Office 2021 Professional Plus:<\/h2>\n<p>Unvergleichliche Funktionalit\u00e4t: Greifen Sie auf ein umfassendes Paket von Anwendungen zu, darunter Word, Excel, PowerPoint, Outlook, Publisher, Access und OneNote, um jede Aufgabe m\u00fchelos zu bew\u00e4ltigen. Effiziente Zusammenarbeit: Arbeiten Sie m\u00fchelos mit Kollegen zusammen, indem Sie Funktionen zur Echtzeitbearbeitung und nahtlose Cloud-Integration mit OneDrive nutzen. Verbesserte Sicherheit: Arbeiten Sie mit robusten Sicherheitsfunktionen, die entwickelt wurden, um Ihre Daten zu sch\u00fctzen und den neuesten Vorschriften zu entsprechen.<\/p>\n<p><strong>Ideal f\u00fcr:<\/strong><\/p>\n<p>Anspruchsvolle Heimanwender: Steigern Sie die Produktivit\u00e4t Ihres Home-Office mit einem leistungsstarken und sicheren Betriebssystem sowie vielseitigen Produktivit\u00e4tstools. Unternehmen jeder Gr\u00f6\u00dfe: Bef\u00e4higen Sie Ihr Team mit einer zuverl\u00e4ssigen und sicheren L\u00f6sung, die die Zusammenarbeit f\u00f6rdert und Workflows optimiert. Beruhigung mit lebenslanger Geld-zur\u00fcck-<\/p>\n<p><strong>Garantie:<\/strong><\/p>\n<p>Wir sind zuversichtlich, dass Sie beeindruckt sein werden! Falls nicht, sind Sie durch eine lebenslange Geld-zur\u00fcck-Garantie abgesichert.<\/p>\n<p>Warten Sie nicht l\u00e4nger! R\u00fcsten Sie sich mit den Werkzeugen aus, die Sie zum Erfolg brauchen. R\u00fcsten Sie noch heute auf und entdecken Sie eine Welt erh\u00f6hter Produktivit\u00e4t!<\/p>\n<h3>Microsoft Office 2021 Professional Plus Anwendungen:<\/h3>\n<p><strong>Word:<\/strong> Erstellen Sie professionelle Dokumente mit Leichtigkeit.<br \/>\n<strong>Excel:<\/strong> Verwalten und analysieren Sie Daten effizient.<br \/>\n<strong>PowerPoint:<\/strong> Erstellen Sie wirkungsvolle Pr\u00e4sentationen.<br \/>\n<strong>Outlook:<\/strong> Verwalten Sie Ihre E-Mails, Kalender und Kontakte effektiv.<br \/>\n<strong>Publisher:<\/strong> Entwerfen Sie professionelle Ver\u00f6ffentlichungen und Marketingmaterialien.<br \/>\n<strong>Access:<\/strong> Erstellen und verwalten Sie leistungsstarke Datenbanken.<br \/>\n<strong>OneNote:<\/strong> Organisieren Sie Ihre Notizen und Ideen nahtlos.<br \/>\n<strong>Microsoft Teams:<\/strong> Arbeiten Sie effektiv zusammen mit Sofortnachrichten, Videokonferenzen und Dateifreigabe (Neu in Office 2021 Professional Plus!).<\/p>\n","protected":false},"excerpt":{"rendered":"<table id=\"short-description\">\n<tbody>\n<tr>\n<td><strong>License: <\/strong><\/td>\n<td><strong>With this license the software can be activated on 3 different devices, e.g. home PC, notebook and work PC<\/strong><\/p>\n<p><strong>Lifetime money back guarantee!!!<\/strong><\/td>\n<\/tr>\n<tr>\n<td><strong>Delivery: <\/strong><\/td>\n<td>Download link, product key, instructions, and invoice delivered instantly by e- mail. Not available on physical media (USB, CD, etc.)<\/td>\n<\/tr>\n<tr>\n<td><strong>Version: <\/strong><\/td>\n<td>For 32 and 64 bit systems, full unlimited versions of software<\/td>\n<\/tr>\n<tr>\n<td><strong>Languages: <\/strong><\/td>\n<td>English, Spanish, Italian, German, French<\/td>\n<\/tr>\n<tr>\n<td><strong>Support: <\/strong><\/td>\n<td>24\/7 in English<\/td>\n<\/tr>\n<\/tbody>\n<\/table>\n<ul>\n<li><strong><span style=\"color: #008000;\"> This product is compatible with Windows.<\/span><\/strong><\/li>\n<li><strong><span style=\"color: #ff0000;\">NOT compatible with Apple macOS\u2122, Android devices and Chromebooks.<\/span><\/strong><\/li>\n<li><strong>NOT compatible with Android devices<\/strong><\/li>\n<\/ul>\n","protected":false},"featured_media":2477,"comment_status":"closed","ping_status":"closed","template":"","meta":[],"product_cat":[15,56],"product_tag":[74],"_links":{"self":[{"href":"https:\/\/winandoffice.net\/de\/wp-json\/wp\/v2\/product\/2476"}],"collection":[{"href":"https:\/\/winandoffice.net\/de\/wp-json\/wp\/v2\/product"}],"about":[{"href":"https:\/\/winandoffice.net\/de\/wp-json\/wp\/v2\/types\/product"}],"replies":[{"embeddable":true,"href":"https:\/\/winandoffice.net\/de\/wp-json\/wp\/v2\/comments?post=2476"}],"wp:featuredmedia":[{"embeddable":true,"href":"https:\/\/winandoffice.net\/de\/wp-json\/wp\/v2\/media\/2477"}],"wp:attachment":[{"href":"https:\/\/winandoffice.net\/de\/wp-json\/wp\/v2\/media?parent=2476"}],"wp:term":[{"taxonomy":"product_cat","embeddable":true,"href":"https:\/\/winandoffice.net\/de\/wp-json\/wp\/v2\/product_cat?post=2476"},{"taxonomy":"product_tag","embeddable":true,"href":"https:\/\/winandoffice.net\/de\/wp-json\/wp\/v2\/product_tag?post=2476"}],"curies":[{"name":"wp","href":"https:\/\/api.w.org\/{rel}","templated":true}]}}