{"id":2489,"date":"2024-03-30T13:14:13","date_gmt":"2024-03-30T13:14:13","guid":{"rendered":"https:\/\/winandofficeplus.com\/de\/?post_type=product&#038;p=2489"},"modified":"2024-04-13T20:12:40","modified_gmt":"2024-04-13T20:12:40","slug":"microsoft-office-2021-professional-plus-premium-license-for-3-devices","status":"publish","type":"product","link":"https:\/\/winandoffice.net\/de\/product\/microsoft-office-2021-professional-plus-premium-license-for-3-devices\/","title":{"rendered":"Microsoft Office 2021 Professional Plus Premium &#8211; Lizenz f\u00fcr 3 PCs"},"content":{"rendered":"<div id=\"primaryR2\" data-grid=\"container\" data-region-key=\"primaryr2\" data-m=\"{&quot;cN&quot;:&quot;primaryR2 1&quot;,&quot;cT&quot;:&quot;Region_coreui-region&quot;,&quot;id&quot;:&quot;r2a2&quot;,&quot;sN&quot;:2,&quot;aN&quot;:&quot;a2&quot;}\">\n<div id=\"coreui-banner-l03vzh8\" data-m=\"{&quot;cN&quot;:&quot;R2Banner 1&quot;,&quot;cT&quot;:&quot;Module_coreui-banner&quot;,&quot;id&quot;:&quot;m1r2a2&quot;,&quot;sN&quot;:1,&quot;aN&quot;:&quot;r2a2&quot;}\" data-module-id=\"WDG-Windows|primaryR2|coreui-region|coreui-banner-l03vzh8|coreui-banner\">\n<div class=\"m-banner f-align-left\" data-grid=\"col-12\">\n<h2><strong>DOMINIEREN SIE IHREN ARBEITSFLUSS MIT MICROSOFT OFFICE 2021 PROFESSIONAL PLUS (3-GER\u00c4TE-LIZENZ)<\/strong><\/h2>\n<p>Bef\u00e4higen Sie sich mit dem ultimativen Produktivit\u00e4tssuite! Microsoft Office 2021 Professional Plus stattet Sie mit einem umfassenden Arsenal an Anwendungen aus, um jede Aufgabe auf bis zu 3 Ger\u00e4ten zu bew\u00e4ltigen. Ob Sie ein Privatanwender, Freelancer oder Unternehmen sind, dieses vielseitige Bundle bietet Ihnen die Werkzeuge, die Sie ben\u00f6tigen, um sich zu behaupten.<\/p>\n<h3><strong>ENTFESSELN SIE IHR KREATIVES UND ANALYTISCHES POTENZIAL:<\/strong><\/h3>\n<p><strong>WORD:<\/strong> Erstellen Sie atemberaubende Dokumente, Berichte und Lebensl\u00e4ufe m\u00fchelos.<br \/>\n<strong>EXCEL:<\/strong> Verwalten Sie Ihre Daten wie ein Profi mit intuitiven Tools f\u00fcr Analyse, Budgetierung und Prognose.<br \/>\n<strong>POWERPOINT:<\/strong> Gestalten Sie fesselnde Pr\u00e4sentationen, die einen bleibenden Eindruck hinterlassen.<br \/>\n<strong>OUTLOOK:<\/strong> Bleiben Sie organisiert und verbunden mit einem leistungsstarken E-Mail-, Kalender- und Kontaktmanager.<br \/>\n<strong>PUBLISHER:<\/strong> Erstellen Sie professionell aussehende Brosch\u00fcren, Flyer und Marketingmaterialien. <strong>ACCESS:<\/strong> Erstellen Sie robuste Datenbanken, um die Datenverwaltung und Informationsabfrage zu optimieren.<\/p>\n<h3><strong>VERBESSERTE ZUSAMMENARBEIT UND KOMMUNIKATION:<\/strong><\/h3>\n<p><strong>ONENOTE:<\/strong> Erfassen und organisieren Sie Ihre Ideen nahtlos auf allen Ihren Ger\u00e4ten.<br \/>\n<strong>MICROSOFT TEAMS:<\/strong> Vereinen Sie Kommunikation und Zusammenarbeit mit Sofortnachrichten, Videokonferenzen und Dateifreigabe in einem zentralen Hub (Neu in Office 2021 Professional Plus!).<\/p>\n<h4><strong>ENTWICKELT F\u00dcR EFFIZIENZ:<\/strong><\/h4>\n<p><strong>NAHTLOSE CLOUD-INTEGRATION:<\/strong> Greifen Sie von \u00fcberall auf Ihre Dokumente zu und teilen Sie sie mit OneDrive-Cloud-Speicher.<br \/>\n<strong>INTUITIVE BENUTZEROBERFL\u00c4CHE:<\/strong> Arbeiten Sie intelligenter mit einer benutzerfreundlichen Oberfl\u00e4che, die Arbeitsabl\u00e4ufe optimiert.<br \/>\n<strong>VERBESSERTE SICHERHEIT:<\/strong> Erleben Sie ein beruhigendes Gef\u00fchl, in dem Wissen, dass Ihre Daten mit robusten Sicherheitsfunktionen gesch\u00fctzt sind.<\/p>\n<h2><strong>KOMPATIBEL MIT WINDOWS 10 ODER 11:<\/strong><\/h2>\n<p>Dieses Softwarepaket integriert sich nahtlos sowohl mit den Betriebssystemen Windows 10 als auch 11 und sorgt f\u00fcr ein reibungsloses Benutzererlebnis.<\/p>\n<p><strong>LIFETIME MONEY-BACK-GARANTIE:<\/strong><\/p>\n<p>Wir sind zuversichtlich, dass Sie die Leistungsf\u00e4higkeit und Vielseitigkeit von Office 2021 Professional Plus lieben werden. Wenn nicht, sind Sie durch eine lebenslange Geld-zur\u00fcck-Garantie abgesichert!<\/p>\n<p>Investieren Sie noch heute in Ihre Produktivit\u00e4t! R\u00fcsten Sie auf Office 2021 Professional Plus auf und entdecken Sie eine Welt voller M\u00f6glichkeiten.<\/p>\n<\/div>\n<\/div>\n<\/div>\n","protected":false},"excerpt":{"rendered":"<table id=\"short-description\">\n<tbody>\n<tr>\n<td><strong>License:<\/strong><\/td>\n<td><strong>With this license the software can be activated on 3 different devices, e.g. home PC, notebook and work PC<\/strong><\/td>\n<\/tr>\n<tr>\n<td><strong>Delivery:<\/strong><\/td>\n<td><strong>Download link, product key, instructions and invoice delivered instantly by e-mail<\/strong><\/td>\n<\/tr>\n<tr>\n<td><strong>Version:<\/strong><\/td>\n<td><strong>Full unlimited version from certified Microsoft Gold Partner<\/strong>\u00a0<strong>\u2013<\/strong>\u00a0<strong>Lifetime money back guarantee!!!<\/strong><\/td>\n<\/tr>\n<tr>\n<td><strong>Languages:<\/strong><\/td>\n<td><strong>English<\/strong>, <strong>Spanish, Italian, German, French<\/strong><\/td>\n<\/tr>\n<tr>\n<td><strong>Support:<\/strong><\/td>\n<td><strong>24\/7 in English<\/strong><\/td>\n<\/tr>\n<\/tbody>\n<\/table>\n<p>&nbsp;<\/p>\n","protected":false},"featured_media":2488,"comment_status":"closed","ping_status":"closed","template":"","meta":[],"product_cat":[56],"product_tag":[76],"_links":{"self":[{"href":"https:\/\/winandoffice.net\/de\/wp-json\/wp\/v2\/product\/2489"}],"collection":[{"href":"https:\/\/winandoffice.net\/de\/wp-json\/wp\/v2\/product"}],"about":[{"href":"https:\/\/winandoffice.net\/de\/wp-json\/wp\/v2\/types\/product"}],"replies":[{"embeddable":true,"href":"https:\/\/winandoffice.net\/de\/wp-json\/wp\/v2\/comments?post=2489"}],"wp:featuredmedia":[{"embeddable":true,"href":"https:\/\/winandoffice.net\/de\/wp-json\/wp\/v2\/media\/2488"}],"wp:attachment":[{"href":"https:\/\/winandoffice.net\/de\/wp-json\/wp\/v2\/media?parent=2489"}],"wp:term":[{"taxonomy":"product_cat","embeddable":true,"href":"https:\/\/winandoffice.net\/de\/wp-json\/wp\/v2\/product_cat?post=2489"},{"taxonomy":"product_tag","embeddable":true,"href":"https:\/\/winandoffice.net\/de\/wp-json\/wp\/v2\/product_tag?post=2489"}],"curies":[{"name":"wp","href":"https:\/\/api.w.org\/{rel}","templated":true}]}}