{"id":2497,"date":"2024-03-30T13:23:32","date_gmt":"2024-03-30T13:23:32","guid":{"rendered":"https:\/\/winandofficeplus.com\/de\/?post_type=product&#038;p=2497"},"modified":"2024-04-10T23:51:26","modified_gmt":"2024-04-10T23:51:26","slug":"microsoft-office-2019-professional-plus-lizenz-fur-3-pcs","status":"publish","type":"product","link":"https:\/\/winandoffice.net\/de\/product\/microsoft-office-2019-professional-plus-lizenz-fur-3-pcs\/","title":{"rendered":"Microsoft Office 2019 Professional Plus-Lizenz f\u00fcr 3 PCs"},"content":{"rendered":"<p><strong>Mit dieser Lizenz kann die Software auf drei verschiedenen Ger\u00e4ten aktiviert werden, z.B. auf einem Heim-PC, einem Notebook und einem Arbeits-PC.<\/strong><\/p>\n<p><strong>Lebenslange Geld-zur\u00fcck-Garantie!!!<\/strong><\/p>\n<p>W\u00e4hlen Sie heute Office 2019 Professional Plus und erhalten Sie die fortschrittlichste Office-L\u00f6sung von Microsoft. Zus\u00e4tzlich zu den bekannten Anwendungen erhalten Sie automatisch Zugang zu browserbasierten Apps sowie Skype for Business. Vereinfachte Kommunikation erm\u00f6glicht es Ihnen, noch effektiver mit anderen zusammenzuarbeiten.<\/p>\n<p><strong>Alles, was Sie auf einen Blick ben\u00f6tigen:<\/strong><\/p>\n<ul>\n<li><strong>Word 2019:<\/strong> Zum Erstellen und Bearbeiten Ihrer Texte und Dokumente.<\/li>\n<li><strong>Excel 2019:<\/strong> Zum Bearbeiten von Datens\u00e4tzen in Tabellenform.<\/li>\n<li><strong>PowerPoint 2019:<\/strong> Zum Erstellen fesselnder Pr\u00e4sentationen.<\/li>\n<li><strong>Outlook 2019:<\/strong> Zum Verwalten von E-Mails, Kontakten, Terminen und Aufgaben.<\/li>\n<li><strong>Publisher 2019:<\/strong> Zum einfachen Erstellen professionell aussehender Publikationen.<\/li>\n<li><strong>Access 2019:<\/strong> Zur Datenbankerstellung mit Internetzugang.<\/li>\n<li><strong>Lync 2019 (Skype for Business):<\/strong> Steigert die Produktivit\u00e4t durch Sofortnachrichten und einfache Kommunikation sowie Zusammenarbeit mit HD-Videokonferenzen.<\/li>\n<li><strong>Web Apps<\/strong> (Word, Excel, PowerPoint).<\/li>\n<\/ul>\n<p>OneNote ist nicht mehr Teil des Office-Pakets, ist aber als Standard-App in Windows 10 verf\u00fcgbar, was eine Voraussetzung f\u00fcr die Nutzung von Office 2019 ist. \u00c4ltere Versionen von Windows werden nicht unterst\u00fctzt.<\/p>\n<p><strong>Zusammenarbeit<\/strong><\/p>\n<p>Die Zusammenarbeit stellt ein wichtiges und entscheidendes neues Merkmal der Microsoft Office-Suite dar. Ihre Mitarbeiter k\u00f6nnen gleichzeitig \u00c4nderungen an einer Datei vornehmen oder das Dokument weiterbearbeiten. Diese M\u00f6glichkeit besteht bei allen Komponenten von Microsoft Office, von Word \u00fcber Excel und PowerPoint bis hin zu OneNote. Die Dateien m\u00fcssen lediglich auf OneDrive, OneDrive for Business oder SharePoint Online gespeichert und mit den relevanten Mitarbeitern geteilt werden. Das Teilen erfolgt einfach \u00fcber einen Button im Programm.<\/p>\n<p>Skype for Business ist ein weiteres Tool im Office 2019 Professional Plus-Paket, das die Zusammenarbeit f\u00f6rdert. Benutzer k\u00f6nnen auf einen Blick den Online-Status der Teammitglieder sehen und bei Bedarf einen Chat, Internetanruf, Gruppenanruf oder Video\u00fcbertragung starten.<\/p>\n<p><strong>Nutzen Sie Zeit effektiver mit einem intelligenten Mailprogramm<\/strong><\/p>\n<p>Es dauert nicht lange, bis Ihr Posteingang mit unwichtigen Mails und Spam \u00fcberf\u00fcllt ist. Dies f\u00fchrt dazu, dass Sie oder Ihre Mitarbeiter nicht effizient arbeiten k\u00f6nnen und Zeit verloren geht. Microsoft Outlook 2019 wurde weiterentwickelt und mit der Funktion &#8220;Clutter&#8221; erweitert, sodass das Programm selbst irrelevante E-Mails erkennt und sofort aussortiert. Dadurch ist Ihr Posteingang \u00fcbersichtlicher, und Sie k\u00f6nnen sich um die wirklich wichtigen Aufgaben k\u00fcmmern.<\/p>\n<p><strong>Verbesserte Sicherheit f\u00fcr Ihr digitales B\u00fcro<\/strong><\/p>\n<p>Eine weitere Neuerung ist die verbesserte Sicherheit mit &#8220;Data Loss Prevention&#8221;. Die Programme erleichtern die Kontrolle dar\u00fcber, welche Informationen in Dokumenten enthalten und geteilt werden. Administratoren haben zudem die M\u00f6glichkeit, den Zugriff auf bestimmte Daten zu blockieren oder einzuschr\u00e4nken. Au\u00dferdem machen Benachrichtigungen \u00fcber potenzielle Risiken die Benutzer st\u00e4rker auf die Gefahr von Datenverlust aufmerksam. Mit Cloud-Diensten wie OneDrive gehen Ihre Daten selbst bei einem Server- oder Ger\u00e4teausfall nicht verloren. Sie k\u00f6nnen Dateien von \u00fcberall auf der Welt aus leicht zugreifen und bearbeiten.<\/p>\n<p><strong>Systemanforderungen:<\/strong><\/p>\n<ul>\n<li>1,6 GHz, Dual-Core-Prozessor<\/li>\n<li>Betriebssystem Windows 10<\/li>\n<li>2 GB (32bit), 4 GB (64bit) RAM<\/li>\n<li>4 GB verf\u00fcgbarer Festplattenspeicher<\/li>\n<li>Grafikbeschleunigung erfordert eine DirectX 10 kompatible Grafikkarte<\/li>\n<\/ul>\n<p><strong>Unterst\u00fctzung und Hilfe:<\/strong><\/p>\n<p>Bei Fragen stehen wir Ihnen jederzeit per E-Mail zur Verf\u00fcgung. Unser Kundenservice und Support ist 7 Tage die Woche, 24 Stunden am Tag erreichbar.<\/p>\n","protected":false},"excerpt":{"rendered":"<table id=\"short-description\">\n<tbody>\n<tr>\n<td><strong>Lizenz: <\/strong><\/td>\n<td><strong>Mit dieser Lizenz kann die Software auf drei verschiedenen Ger\u00e4ten aktiviert werden, z. B. auf einem Heim-PC, einem Notebook und einem Arbeits-PC.<\/strong><\/p>\n<p><strong>Lebenslange Geld-zur\u00fcck-Garantie!!!<\/strong><\/td>\n<\/tr>\n<tr>\n<td><strong>Lieferung: <\/strong><\/td>\n<td>Download-Link, Produktschl\u00fcssel, Anleitungen und Rechnung werden sofort per E-Mail geliefert. Nicht auf physischen Medien verf\u00fcgbar (USB, CD, usw.).<\/td>\n<\/tr>\n<tr>\n<td><strong>Version: <\/strong><\/td>\n<td>F\u00fcr 32- und 64-Bit-Systeme, vollst\u00e4ndige unbegrenzte Versionen der Software<\/td>\n<\/tr>\n<tr>\n<td><strong>Sprachen: <\/strong><\/td>\n<td>Englisch, Spanisch, Italienisch, Deutsch, Franz\u00f6sisch<\/td>\n<\/tr>\n<tr>\n<td><strong>Unterst\u00fctzung: <\/strong><\/td>\n<td>24\/7 auf Deutsch<\/td>\n<\/tr>\n<\/tbody>\n<\/table>\n<ul>\n<li><strong><span style=\"color: #008000;\">Dieses Produkt ist kompatibel mit Windows.<\/span><\/strong><\/li>\n<li><strong><span style=\"color: #ff0000;\">NICHT kompatibel mit Apple macOS\u2122, Android-Ger\u00e4ten und Chromebooks.<\/span><\/strong><\/li>\n<li><strong>NICHT kompatibel mit Android-Ger\u00e4ten<\/strong><\/li>\n<\/ul>\n","protected":false},"featured_media":2498,"comment_status":"closed","ping_status":"closed","template":"","meta":[],"product_cat":[56],"product_tag":[80],"_links":{"self":[{"href":"https:\/\/winandoffice.net\/de\/wp-json\/wp\/v2\/product\/2497"}],"collection":[{"href":"https:\/\/winandoffice.net\/de\/wp-json\/wp\/v2\/product"}],"about":[{"href":"https:\/\/winandoffice.net\/de\/wp-json\/wp\/v2\/types\/product"}],"replies":[{"embeddable":true,"href":"https:\/\/winandoffice.net\/de\/wp-json\/wp\/v2\/comments?post=2497"}],"wp:featuredmedia":[{"embeddable":true,"href":"https:\/\/winandoffice.net\/de\/wp-json\/wp\/v2\/media\/2498"}],"wp:attachment":[{"href":"https:\/\/winandoffice.net\/de\/wp-json\/wp\/v2\/media?parent=2497"}],"wp:term":[{"taxonomy":"product_cat","embeddable":true,"href":"https:\/\/winandoffice.net\/de\/wp-json\/wp\/v2\/product_cat?post=2497"},{"taxonomy":"product_tag","embeddable":true,"href":"https:\/\/winandoffice.net\/de\/wp-json\/wp\/v2\/product_tag?post=2497"}],"curies":[{"name":"wp","href":"https:\/\/api.w.org\/{rel}","templated":true}]}}