{"id":2552,"date":"2024-03-31T04:10:14","date_gmt":"2024-03-31T04:10:14","guid":{"rendered":"https:\/\/winandofficeplus.com\/de\/?post_type=product&#038;p=2552"},"modified":"2024-04-10T23:58:33","modified_gmt":"2024-04-10T23:58:33","slug":"windows-11-professional-project-2021-professional-office-2021-professional-visio-2021-standard-lizenz-fur-3-gerate","status":"publish","type":"product","link":"https:\/\/winandoffice.net\/de\/product\/windows-11-professional-project-2021-professional-office-2021-professional-visio-2021-standard-lizenz-fur-3-gerate\/","title":{"rendered":"Windows 11 Professional + Project 2021 Professional + Office 2021 Professional + Visio 2021 Standard-Lizenz f\u00fcr 3 Ger\u00e4te"},"content":{"rendered":"<div id=\"primaryR2\" data-grid=\"container\" data-region-key=\"primaryr2\" data-m=\"{&quot;cN&quot;:&quot;primaryR2 1&quot;,&quot;cT&quot;:&quot;Region_coreui-region&quot;,&quot;id&quot;:&quot;r2a2&quot;,&quot;sN&quot;:2,&quot;aN&quot;:&quot;a2&quot;}\">\n<div id=\"coreui-banner-l03vzh8\" data-m=\"{&quot;cN&quot;:&quot;R2Banner 1&quot;,&quot;cT&quot;:&quot;Module_coreui-banner&quot;,&quot;id&quot;:&quot;m1r2a2&quot;,&quot;sN&quot;:1,&quot;aN&quot;:&quot;r2a2&quot;}\" data-module-id=\"WDG-Windows|primaryR2|coreui-region|coreui-banner-l03vzh8|coreui-banner\">\n<div class=\"m-banner f-align-left\" data-grid=\"col-12\">\n<h4>Microsoft Windows 11 Professional<\/h4>\n<p><strong>Maximieren Sie das Potenzial Ihrer Ger\u00e4te mit dieser Lizenz, die Aktivierungen auf bis zu drei unterschiedlichen Ger\u00e4ten erm\u00f6glicht, wie z.B. Heim-PCs, Notebooks und Arbeitsstationen.<\/strong><\/p>\n<h4 class=\"c-heading-3\">Systemanforderungen<\/h4>\n<\/div>\n<\/div>\n<div id=\"coreui-divider-f6wmnt9\" data-m=\"{&quot;cN&quot;:&quot;R2Divider 1&quot;,&quot;cT&quot;:&quot;Module_coreui-divider&quot;,&quot;id&quot;:&quot;m2r2a2&quot;,&quot;sN&quot;:2,&quot;aN&quot;:&quot;r2a2&quot;}\" data-module-id=\"WDG-Windows|primaryR2|coreui-region|coreui-divider-f6wmnt9|coreui-divider\">\n<hr class=\"c-divider f-pad-top-3x\" data-grid=\"col-12\" \/>\n<\/div>\n<div id=\"coreui-contentrichblock-o5iouct\" data-m=\"{&quot;cN&quot;:&quot;R2ContentRichBlock 1&quot;,&quot;cT&quot;:&quot;Module_coreui-contentrichblock&quot;,&quot;id&quot;:&quot;m3r2a2&quot;,&quot;sN&quot;:3,&quot;aN&quot;:&quot;r2a2&quot;}\" data-module-id=\"WDG-Windows|primaryR2|coreui-region|coreui-contentrichblock-o5iouct|coreui-contentrichblock\">\n<div class=\"m-rich-content-block context-ucx\" data-grid=\"col-12\">Machen Sie Ihr System bereit f\u00fcr das fortschrittlichste und beste Betriebssystem von Microsoft! Die aufgef\u00fchrten Spezifikationen stellen das absolute Minimum dar, um Windows 11 auf einem PC installieren zu k\u00f6nnen. Sollte Ihre Hardware nicht ausreichen, k\u00f6nnten Sie das vollst\u00e4ndige Windows 11-Erlebnis verpassen. <strong>Falls Sie sich bez\u00fcglich der Kompatibilit\u00e4t Ihres PCs unsicher sind, kann die PC-Health-Check-App Ihnen helfen (ben\u00f6tigt Windows 10, <a href=\"https:\/\/aka.ms\/GetPCHealthCheckApp\">hier herunterladen<\/a>).<\/strong><\/div>\n<\/div>\n<div id=\"coreui-tablev2-62jrfm3\" data-m=\"{&quot;cN&quot;:&quot;R2TableV2 1&quot;,&quot;cT&quot;:&quot;Module_coreui-tablev2&quot;,&quot;id&quot;:&quot;m4r2a2&quot;,&quot;sN&quot;:4,&quot;aN&quot;:&quot;r2a2&quot;}\" data-module-id=\"WDG-Windows|primaryR2|coreui-region|coreui-tablev2-62jrfm3|coreui-tablev2\">\n<div class=\"m-table\">\n<div class=\"c-table\" data-f-loc-ascending=\"Sortiert nach {0} - aufsteigend\" data-f-loc-descending=\"Sortiert nach {0} - absteigend\">\n<table>\n<thead>\n<tr>\n<th scope=\"col\"><\/th>\n<th scope=\"col\"><\/th>\n<\/tr>\n<\/thead>\n<tbody>\n<tr>\n<td class=\"f-divided\"><strong>Prozessor:<\/strong><\/td>\n<td class=\"f-divided\">Ein Prozessor mit 2 oder mehr Kernen und einer Taktfrequenz von 1 GHz oder schneller, kompatibel mit 64-Bit-Architektur oder System-on-a-Chip (SoC).<\/td>\n<\/tr>\n<tr>\n<td class=\"f-divided\"><strong>RAM:<\/strong><\/td>\n<td class=\"f-divided\">4 Gigabyte (GB).<\/td>\n<\/tr>\n<tr>\n<td class=\"f-divided\"><strong>Speicherplatz:<\/strong><\/td>\n<td class=\"f-divided\">64 GB oder mehr Speicherplatz.<\/td>\n<\/tr>\n<tr>\n<td class=\"f-divided\"><strong>System-Firmware:<\/strong><\/td>\n<td class=\"f-divided\">UEFI, Secure Boot-f\u00e4hig.<\/td>\n<\/tr>\n<tr>\n<td class=\"f-divided\"><strong>TPM:<\/strong><\/td>\n<td class=\"f-divided\">Trusted Platform Module (TPM) Version 2.0.<\/td>\n<\/tr>\n<tr>\n<td class=\"f-divided\"><strong>Grafikkarte:<\/strong><\/td>\n<td class=\"f-divided\">Kompatibel mit DirectX 12 oder neuer, mit WDDM 2.0-Treiber.<\/td>\n<\/tr>\n<tr>\n<td class=\"f-divided\"><strong>Display:<\/strong><\/td>\n<td class=\"f-divided\">Hochaufl\u00f6sendes (720p) Display, gr\u00f6\u00dfer als 9 Zoll Diagonale, 8 Bits pro Farbkanal.<\/td>\n<\/tr>\n<tr>\n<td class=\"f-divided\"><strong>Internetverbindung und Microsoft-Konten:<\/strong><\/td>\n<td class=\"f-divided\">Windows 11 Pro erfordert f\u00fcr die Ersteinrichtung des Ger\u00e4ts sowie f\u00fcr bestimmte Funktionen und Updates eine Internetverbindung und ein Microsoft-Konto.<\/td>\n<\/tr>\n<\/tbody>\n<\/table>\n<\/div>\n<\/div>\n<\/div>\n<div id=\"coreui-contentrichblock-wqm7a2a\" data-m=\"{&quot;cN&quot;:&quot;R2ContentRichBlock 2&quot;,&quot;cT&quot;:&quot;Module_coreui-contentrichblock&quot;,&quot;id&quot;:&quot;m5r2a2&quot;,&quot;sN&quot;:5,&quot;aN&quot;:&quot;r2a2&quot;}\" data-module-id=\"WDG-Windows|primaryR2|coreui-region|coreui-contentrichblock-wqm7a2a|coreui-contentrichblock\">\n<div class=\"m-rich-content-block context-ucx\" data-grid=\"col-12\">Erweiterte Funktionen in Windows 11 Professional stellen \u00fcber die grundlegenden Mindestanforderungen hinaus weitere Anspr\u00fcche. Hier finden Sie detaillierte Informationen zu den Voraussetzungen f\u00fcr wichtige Funktionen:<\/p>\n<ul class=\"c-list\"><!-- Die Liste der Funktionen bleibt unver\u00e4ndert, da sie spezifische Technologien beschreibt. --><\/ul>\n<h3>Project 2021 Professional<\/h3>\n<p><strong>Maximieren Sie das Potenzial Ihrer Ger\u00e4te mit dieser Lizenz, die Aktivierungen auf bis zu drei unterschiedlichen Ger\u00e4ten erm\u00f6glicht, wie z.B. Heim-PCs, Notebooks und Arbeitsstationen.<\/strong><br \/>\n<!-- Der Text \u00fcber Microsoft Project und Office bleibt unver\u00e4ndert, da er bereits eine klare Beschreibung bietet. --><\/p>\n<h3>Office 2021 Professional<\/h3>\n<p><strong>Maximieren Sie das Potenzial Ihrer Ger\u00e4te mit dieser Lizenz, die Aktivierungen auf bis zu drei unterschiedlichen Ger\u00e4ten erm\u00f6glicht, wie z.B. Heim-PCs, Notebooks und Arbeitsstationen.<\/strong><br \/>\n<!-- Der Abschnitt \u00fcber Office-Produkte bleibt unver\u00e4ndert, um die Genauigkeit der Produktbeschreibung zu gew\u00e4hrleisten. --><\/p>\n<\/div>\n<\/div>\n<\/div>\n","protected":false},"excerpt":{"rendered":"<ul>\n<li>\n<table id=\"short-description\">\n<tbody>\n<tr>\n<td><strong>Lizenz:<\/strong><\/td>\n<td><strong>Mit dieser Lizenz kann die Software auf 3 verschiedenen Ger\u00e4ten aktiviert werden, z.B. auf dem Heim-PC, Notebook und Arbeits-PC<\/strong><\/td>\n<\/tr>\n<tr>\n<td><strong>Lieferung:<\/strong><\/td>\n<td><strong>Download-Link, Produktschl\u00fcssel, Anweisungen und Rechnung werden sofort per E-Mail geliefert<\/strong><\/td>\n<\/tr>\n<tr>\n<td><strong>Version:<\/strong><\/td>\n<td><strong>Vollst\u00e4ndige unbegrenzte Version von einem zertifizierten Microsoft Gold Partner \u2013 Lebenslange Geld-zur\u00fcck-Garantie!!!<\/strong><\/td>\n<\/tr>\n<tr>\n<td><strong>Sprachen:<\/strong><\/td>\n<td><strong>Englisch<\/strong>, <strong>Franz\u00f6sisch, Spanisch, Italienisch, Deutsch<\/strong><\/td>\n<\/tr>\n<tr>\n<td><strong>Support:<\/strong><\/td>\n<td><strong>24\/7 auf Englisch<\/strong><\/td>\n<\/tr>\n<\/tbody>\n<\/table>\n<p><strong>F\u00fcr Microsoft Windows<\/strong><\/li>\n<\/ul>\n","protected":false},"featured_media":2553,"comment_status":"closed","ping_status":"closed","template":"","meta":[],"product_cat":[58,86],"product_tag":[61],"_links":{"self":[{"href":"https:\/\/winandoffice.net\/de\/wp-json\/wp\/v2\/product\/2552"}],"collection":[{"href":"https:\/\/winandoffice.net\/de\/wp-json\/wp\/v2\/product"}],"about":[{"href":"https:\/\/winandoffice.net\/de\/wp-json\/wp\/v2\/types\/product"}],"replies":[{"embeddable":true,"href":"https:\/\/winandoffice.net\/de\/wp-json\/wp\/v2\/comments?post=2552"}],"wp:featuredmedia":[{"embeddable":true,"href":"https:\/\/winandoffice.net\/de\/wp-json\/wp\/v2\/media\/2553"}],"wp:attachment":[{"href":"https:\/\/winandoffice.net\/de\/wp-json\/wp\/v2\/media?parent=2552"}],"wp:term":[{"taxonomy":"product_cat","embeddable":true,"href":"https:\/\/winandoffice.net\/de\/wp-json\/wp\/v2\/product_cat?post=2552"},{"taxonomy":"product_tag","embeddable":true,"href":"https:\/\/winandoffice.net\/de\/wp-json\/wp\/v2\/product_tag?post=2552"}],"curies":[{"name":"wp","href":"https:\/\/api.w.org\/{rel}","templated":true}]}}