{"id":2563,"date":"2024-03-31T04:23:37","date_gmt":"2024-03-31T04:23:37","guid":{"rendered":"https:\/\/winandofficeplus.com\/de\/?post_type=product&#038;p=2563"},"modified":"2024-04-10T23:41:49","modified_gmt":"2024-04-10T23:41:49","slug":"microsoft-office-2021-standard-lizenz-fur-3-gerate","status":"publish","type":"product","link":"https:\/\/winandoffice.net\/de\/product\/microsoft-office-2021-standard-lizenz-fur-3-gerate\/","title":{"rendered":"Microsoft Office 2021 Standard-Lizenz f\u00fcr 3 Ger\u00e4te"},"content":{"rendered":"<div id=\"primaryR2\" data-grid=\"container\" data-region-key=\"primaryr2\" data-m=\"{&quot;cN&quot;:&quot;primaryR2 1&quot;,&quot;cT&quot;:&quot;Region_coreui-region&quot;,&quot;id&quot;:&quot;r2a2&quot;,&quot;sN&quot;:2,&quot;aN&quot;:&quot;a2&quot;}\">\n<div id=\"coreui-banner-l03vzh8\" data-m=\"{&quot;cN&quot;:&quot;R2Banner 1&quot;,&quot;cT&quot;:&quot;Module_coreui-banner&quot;,&quot;id&quot;:&quot;m1r2a2&quot;,&quot;sN&quot;:1,&quot;aN&quot;:&quot;r2a2&quot;}\" data-module-id=\"WDG-Windows|primaryR2|coreui-region|coreui-banner-l03vzh8|coreui-banner\">\n<div class=\"m-banner f-align-left\" data-grid=\"col-12\"><span style=\"font-size: 24pt;\"><strong>Microsoft Office 2021 Standard<\/strong><\/span><\/div>\n<\/div>\n<\/div>\n<div data-grid=\"col-12\"><strong>Mit dieser Lizenz kann die Software auf 3 verschiedenen Ger\u00e4ten aktiviert werden, z.B. auf dem Heim-PC, Notebook und Arbeits-PC.<\/strong><\/div>\n<div id=\"primaryR2\" data-grid=\"container\" data-region-key=\"primaryr2\" data-m=\"{&quot;cN&quot;:&quot;primaryR2 1&quot;,&quot;cT&quot;:&quot;Region_coreui-region&quot;,&quot;id&quot;:&quot;r2a2&quot;,&quot;sN&quot;:2,&quot;aN&quot;:&quot;a2&quot;}\">\n<div id=\"coreui-banner-l03vzh8\" data-m=\"{&quot;cN&quot;:&quot;R2Banner 1&quot;,&quot;cT&quot;:&quot;Module_coreui-banner&quot;,&quot;id&quot;:&quot;m1r2a2&quot;,&quot;sN&quot;:1,&quot;aN&quot;:&quot;r2a2&quot;}\" data-module-id=\"WDG-Windows|primaryR2|coreui-region|coreui-banner-l03vzh8|coreui-banner\">\n<div data-grid=\"col-12\"><\/div>\n<\/div>\n<\/div>\n<div id=\"primaryR3\" data-grid=\"container\" data-region-key=\"primaryr3\" data-m=\"{&quot;cN&quot;:&quot;primaryR3 1&quot;,&quot;cT&quot;:&quot;Region_coreui-region&quot;,&quot;id&quot;:&quot;r3a2&quot;,&quot;sN&quot;:3,&quot;aN&quot;:&quot;a2&quot;}\">\n<div id=\"coreui-contentrichblock-rhi1sei\" data-m=\"{&quot;cN&quot;:&quot;R2ContentRichBlock 1&quot;,&quot;cT&quot;:&quot;Module_coreui-contentrichblock&quot;,&quot;id&quot;:&quot;m3r3a2&quot;,&quot;sN&quot;:3,&quot;aN&quot;:&quot;r3a2&quot;}\" data-module-id=\"WDG-Windows|primaryR3|coreui-region|coreui-contentrichblock-rhi1sei|coreui-contentrichblock\">\n<div class=\"m-rich-content-block context-ucx\" data-grid=\"col-12\">\n<div class=\"dePhmb\">\n<div class=\"eyKpYb\" data-language=\"en\" data-original-language=\"de\" data-result-index=\"0\">\n<div class=\"J0lOec\">\n<p>Microsoft Office-Anwender, die die volle Bandbreite der Anwendungen zu Hause oder im B\u00fcro nutzen, sind mit der Office 2021 Standard Edition gut beraten. Alle wichtigen Programme sind enthalten: Word, Excel, Outlook, PowerPoint, Publisher und Access. OneNote ist jetzt im Windows Store zum Download verf\u00fcgbar, sodass Sie schnell Notizen machen und \u00fcber die Cloud auf allen Ger\u00e4ten verf\u00fcgbar machen k\u00f6nnen. Aufgrund der Vielzahl verschiedener Programme richtet sich die Standardversion in erster Linie an Personen, die zu Hause, im Home-Office oder im B\u00fcro nach einer leistungsstarken, zuverl\u00e4ssigen L\u00f6sung suchen, um Dokumente, Tabellen usw. zu organisieren.<\/p>\n<\/div>\n<ul>\n<li class=\"J0lOec\"><span class=\"VIiyi\" lang=\"en\"><span class=\"JLqJ4b ChMk0b\" data-language-for-alternatives=\"en\" data-language-to-translate-into=\"de\" data-phrase-index=\"9\" data-number-of-phrases=\"18\"><strong>Word<\/strong>: Erstellen Sie professionelle Textdokumente in k\u00fcrzester Zeit.<\/span><\/span><\/li>\n<li class=\"J0lOec\"><span class=\"VIiyi\" lang=\"en\"><span class=\"JLqJ4b ChMk0b\" data-language-for-alternatives=\"en\" data-language-to-translate-into=\"de\" data-phrase-index=\"11\" data-number-of-phrases=\"18\"><strong>Excel<\/strong>: Intelligente Tabellenkalkulation f\u00fcr Informationsmanagement.<\/span> <\/span><\/li>\n<li class=\"J0lOec\"><span class=\"VIiyi\" lang=\"en\"><span class=\"JLqJ4b ChMk0b\" data-language-for-alternatives=\"en\" data-language-to-translate-into=\"de\" data-phrase-index=\"13\" data-number-of-phrases=\"18\"><strong>PowerPoint<\/strong>: Erstellen Sie beeindruckende dynamische Pr\u00e4sentationen.<\/span> <\/span><\/li>\n<li class=\"J0lOec\"><span class=\"VIiyi\" lang=\"en\"><span class=\"JLqJ4b ChMk0b\" data-language-for-alternatives=\"en\" data-language-to-translate-into=\"de\" data-phrase-index=\"15\" data-number-of-phrases=\"18\"><strong>OneNote<\/strong>: Ihr digitales Notizbuch.<\/span> <\/span><\/li>\n<li class=\"J0lOec\"><span class=\"VIiyi\" lang=\"en\"><span class=\"JLqJ4b ChMk0b\" data-language-for-alternatives=\"en\" data-language-to-translate-into=\"de\" data-phrase-index=\"17\" data-number-of-phrases=\"18\"><strong>Outlook<\/strong>: Kommunikation leicht gemacht.<\/span><\/span><\/li>\n<li><strong>Publisher<\/strong>: Layouterstellung f\u00fcr professionelle Ver\u00f6ffentlichungen.<\/li>\n<\/ul>\n<\/div>\n<\/div>\n<p><span style=\"color: #ff0000;\"><strong>Funktioniert nur auf Windows 10 oder 11!<\/strong><\/span><\/p>\n<p><strong>Unterst\u00fctzung und Hilfe:<\/strong><\/p>\n<p>Bei Fragen k\u00f6nnen Sie uns gerne per E-Mail kontaktieren. Unser Kundenservice und Support ist 7 Tage die Woche, 24 Stunden am Tag verf\u00fcgbar.<\/p>\n<\/div>\n<\/div>\n<\/div>\n","protected":false},"excerpt":{"rendered":"<ul>\n<li>\n<table id=\"short-description\">\n<tbody>\n<tr>\n<td><strong>Lizenz:<\/strong><\/td>\n<td><strong>Mit dieser Lizenz kann die Software auf 3 verschiedenen Ger\u00e4ten aktiviert werden, z. B. Heim-PC, Notebook und Arbeits-PC<\/strong><\/td>\n<\/tr>\n<tr>\n<td><strong>Lieferung:<\/strong><\/td>\n<td><strong>Download-Link, Produktschl\u00fcssel, Anweisungen und Rechnung sofort per E-Mail geliefert<\/strong><\/td>\n<\/tr>\n<tr>\n<td><strong>Version:<\/strong><\/td>\n<td><strong>Vollst\u00e4ndige unbegrenzte Version von einem zertifizierten Microsoft Gold Partner<\/strong> &#8211; <strong>Lebenslange Geld-zur\u00fcck-Garantie!!!<\/strong><\/td>\n<\/tr>\n<tr>\n<td><strong>Sprachen:<\/strong><\/td>\n<td><strong>Englisch<\/strong>, <strong>Franz\u00f6sisch, Spanisch, Italienisch, Deutsch<\/strong><\/td>\n<\/tr>\n<tr>\n<td><strong>Unterst\u00fctzung:<\/strong><\/td>\n<td><strong>24\/7 auf Deutsch<\/strong><\/td>\n<\/tr>\n<\/tbody>\n<\/table>\n<\/li>\n<\/ul>\n","protected":false},"featured_media":2564,"comment_status":"closed","ping_status":"closed","template":"","meta":[],"product_cat":[56],"product_tag":[],"_links":{"self":[{"href":"https:\/\/winandoffice.net\/de\/wp-json\/wp\/v2\/product\/2563"}],"collection":[{"href":"https:\/\/winandoffice.net\/de\/wp-json\/wp\/v2\/product"}],"about":[{"href":"https:\/\/winandoffice.net\/de\/wp-json\/wp\/v2\/types\/product"}],"replies":[{"embeddable":true,"href":"https:\/\/winandoffice.net\/de\/wp-json\/wp\/v2\/comments?post=2563"}],"wp:featuredmedia":[{"embeddable":true,"href":"https:\/\/winandoffice.net\/de\/wp-json\/wp\/v2\/media\/2564"}],"wp:attachment":[{"href":"https:\/\/winandoffice.net\/de\/wp-json\/wp\/v2\/media?parent=2563"}],"wp:term":[{"taxonomy":"product_cat","embeddable":true,"href":"https:\/\/winandoffice.net\/de\/wp-json\/wp\/v2\/product_cat?post=2563"},{"taxonomy":"product_tag","embeddable":true,"href":"https:\/\/winandoffice.net\/de\/wp-json\/wp\/v2\/product_tag?post=2563"}],"curies":[{"name":"wp","href":"https:\/\/api.w.org\/{rel}","templated":true}]}}