{"id":2680,"date":"2024-04-02T03:17:28","date_gmt":"2024-04-02T03:17:28","guid":{"rendered":"https:\/\/winandofficeplus.com\/de\/?post_type=product&#038;p=2680"},"modified":"2024-04-10T23:39:54","modified_gmt":"2024-04-10T23:39:54","slug":"microsoft-windows-11-professional","status":"publish","type":"product","link":"https:\/\/winandoffice.net\/de\/product\/microsoft-windows-11-professional\/","title":{"rendered":"Microsoft Windows 11 Professional"},"content":{"rendered":"<div id=\"primaryR2\" data-grid=\"container\" data-region-key=\"primaryr2\" data-m=\"{&quot;cN&quot;:&quot;primaryR2 1&quot;,&quot;cT&quot;:&quot;Region_coreui-region&quot;,&quot;id&quot;:&quot;r2a2&quot;,&quot;sN&quot;:2,&quot;aN&quot;:&quot;a2&quot;}\">\n<div id=\"coreui-banner-l03vzh8\" data-m=\"{&quot;cN&quot;:&quot;R2Banner 1&quot;,&quot;cT&quot;:&quot;Module_coreui-banner&quot;,&quot;id&quot;:&quot;m1r2a2&quot;,&quot;sN&quot;:1,&quot;aN&quot;:&quot;r2a2&quot;}\" data-module-id=\"WDG-Windows|primaryR2|coreui-region|coreui-banner-l03vzh8|coreui-banner\">\n<div class=\"m-banner f-align-left\" data-grid=\"col-12\">\n<h1 class=\"c-heading-3\">Microsoft Windows 11 Professional<\/h1>\n<p><strong>Lebenslange Geld-zur\u00fcck-Garantie!!!<\/strong><\/p>\n<\/div>\n<h2 class=\"c-heading-3\">Systemanforderungen<\/h2>\n<\/div>\n<div id=\"coreui-divider-f6wmnt9\" data-m=\"{&quot;cN&quot;:&quot;R2Divider 1&quot;,&quot;cT&quot;:&quot;Module_coreui-divider&quot;,&quot;id&quot;:&quot;m2r2a2&quot;,&quot;sN&quot;:2,&quot;aN&quot;:&quot;r2a2&quot;}\" data-module-id=\"WDG-Windows|primaryR2|coreui-region|coreui-divider-f6wmnt9|coreui-divider\">\n<hr class=\"c-divider f-pad-top-3x\" data-grid=\"col-12\" \/>\n<\/div>\n<div id=\"coreui-contentrichblock-o5iouct\" data-m=\"{&quot;cN&quot;:&quot;R2ContentRichBlock 1&quot;,&quot;cT&quot;:&quot;Module_coreui-contentrichblock&quot;,&quot;id&quot;:&quot;m3r2a2&quot;,&quot;sN&quot;:3,&quot;aN&quot;:&quot;r2a2&quot;}\" data-module-id=\"WDG-Windows|primaryR2|coreui-region|coreui-contentrichblock-o5iouct|coreui-contentrichblock\">\n<div class=\"m-rich-content-block context-ucx\" data-grid=\"col-12\"><\/div>\n<\/div>\n<div id=\"coreui-tablev2-62jrfm3\" data-m=\"{&quot;cN&quot;:&quot;R2TableV2 1&quot;,&quot;cT&quot;:&quot;Module_coreui-tablev2&quot;,&quot;id&quot;:&quot;m4r2a2&quot;,&quot;sN&quot;:4,&quot;aN&quot;:&quot;r2a2&quot;}\" data-module-id=\"WDG-Windows|primaryR2|coreui-region|coreui-tablev2-62jrfm3|coreui-tablev2\">\n<div class=\"m-table\">\n<div class=\"c-table\" data-f-loc-ascending=\"Sortiert nach {0} - aufsteigend\" data-f-loc-descending=\"Sortiert nach {0} - absteigend\">\n<table>\n<thead>\n<tr>\n<th scope=\"col\"><\/th>\n<th scope=\"col\"><\/th>\n<\/tr>\n<\/thead>\n<tbody>\n<tr>\n<td class=\"f-divided\"><strong>Prozessor:<\/strong><\/td>\n<td class=\"f-divided\">1 Gigahertz (GHz) oder schneller mit 2 oder mehr Kernen auf einem <a href=\"https:\/\/docs.microsoft.com\/en-us\/windows-hardware\/design\/minimum\/windows-processor-requirements\">kompatiblen 64-Bit-Prozessor<\/a> oder System on a Chip (SoC)<\/td>\n<\/tr>\n<tr>\n<td class=\"f-divided\"><strong>RAM:<\/strong><\/td>\n<td class=\"f-divided\">4 Gigabyte (GB)<\/td>\n<\/tr>\n<tr>\n<td class=\"f-divided\"><strong>Speicher:<\/strong><\/td>\n<td class=\"f-divided\">64 GB oder gr\u00f6\u00dferes Speicherger\u00e4t<br \/>\nHinweis: Weitere Informationen zum Speicherplatz, um Windows 11 auf dem neuesten Stand zu halten, finden Sie unten.<\/td>\n<\/tr>\n<tr>\n<td class=\"f-divided\"><strong>System-Firmware:<\/strong><\/td>\n<td class=\"f-divided\">UEFI, Secure Boot f\u00e4hig<\/td>\n<\/tr>\n<tr>\n<td class=\"f-divided\"><strong>TPM:<\/strong><\/td>\n<td class=\"f-divided\">Trusted Platform Module (TPM) Version 2.0<\/td>\n<\/tr>\n<tr>\n<td class=\"f-divided\"><strong>Grafikkarte:<\/strong><\/td>\n<td class=\"f-divided\">Kompatibel mit DirectX 12 oder sp\u00e4ter mit WDDM 2.0 Treiber<\/td>\n<\/tr>\n<tr>\n<td class=\"f-divided\"><strong>Anzeige:<\/strong><\/td>\n<td class=\"f-divided\">Hochaufl\u00f6sende (720p) Anzeige, die gr\u00f6\u00dfer als 9 Zoll diagonal ist, 8 Bits pro Farbkanal<\/td>\n<\/tr>\n<tr>\n<td class=\"f-divided\"><strong>Internetverbindung und Microsoft-Konten: <\/strong><\/td>\n<td class=\"f-divided\">Windows 11 Home Edition erfordert eine Internetverbindung und ein Microsoft-Konto, um die Ger\u00e4teeinrichtung bei der ersten Verwendung abzuschlie\u00dfen.<br \/>\nDas Umstellen eines Ger\u00e4ts aus dem Windows 11 Home im S-Modus erfordert ebenfalls eine Internetverbindung.<br \/>\nF\u00fcr alle Windows 11 Editionen ist ein Internetzugang erforderlich, um Updates durchzuf\u00fchren und um einige Funktionen herunterzuladen und zu nutzen. Ein Microsoft-Konto ist f\u00fcr einige Funktionen erforderlich.<\/td>\n<\/tr>\n<\/tbody>\n<\/table>\n<\/div>\n<\/div>\n<\/div>\n<div id=\"coreui-contentrichblock-wqm7a2a\" data-m=\"{&quot;cN&quot;:&quot;R2ContentRichBlock 2&quot;,&quot;cT&quot;:&quot;Module_coreui-contentrichblock&quot;,&quot;id&quot;:&quot;m5r2a2&quot;,&quot;sN&quot;:5,&quot;aN&quot;:&quot;r2a2&quot;}\" data-module-id=\"WDG-Windows|primaryR2|coreui-region|coreui-contentrichblock-wqm7a2a|coreui-contentrichblock\">\n<div class=\"m-rich-content-block context-ucx\" data-grid=\"col-12\">Es kann im Laufe der Zeit zus\u00e4tzliche Anforderungen f\u00fcr Updates geben, sowie Anforderungen zum Aktivieren spezifischer Funktionen innerhalb des Betriebssystems.<\/div>\n<\/div>\n<\/div>\n<div id=\"primaryR3\" data-grid=\"container\" data-region-key=\"primaryr3\" data-m=\"{&quot;cN&quot;:&quot;primaryR3 1&quot;,&quot;cT&quot;:&quot;Region_coreui-region&quot;,&quot;id&quot;:&quot;r3a2&quot;,&quot;sN&quot;:3,&quot;aN&quot;:&quot;a2&quot;}\">\n<div id=\"coreui-divider-xjbne9z\" data-m=\"{&quot;cN&quot;:&quot;R2Divider 1&quot;,&quot;cT&quot;:&quot;Module_coreui-divider&quot;,&quot;id&quot;:&quot;m2r3a2&quot;,&quot;sN&quot;:2,&quot;aN&quot;:&quot;r3a2&quot;}\" data-module-id=\"WDG-Windows|primaryR3|coreui-region|coreui-divider-xjbne9z|coreui-divider\">\n<hr class=\"c-divider f-pad-top-3x\" data-grid=\"col-12\" \/>\n<\/div>\n<div id=\"coreui-contentrichblock-rhi1sei\" data-m=\"{&quot;cN&quot;:&quot;R2ContentRichBlock 1&quot;,&quot;cT&quot;:&quot;Module_coreui-contentrichblock&quot;,&quot;id&quot;:&quot;m3r3a2&quot;,&quot;sN&quot;:3,&quot;aN&quot;:&quot;r3a2&quot;}\" data-module-id=\"WDG-Windows|primaryR3|coreui-region|coreui-contentrichblock-rhi1sei|coreui-contentrichblock\">\n<div class=\"m-rich-content-block context-ucx\" data-grid=\"col-12\">\n<p>Einige Funktionen in Windows 11 haben h\u00f6here Anforderungen als die oben in den Mindestanforderungen aufgef\u00fchrten. Unten finden Sie einige zus\u00e4tzliche Details zu den Anforderungen f\u00fcr Schl\u00fcsselfunktionen:<\/p>\n<div>\n<ul class=\"c-list\">\n<li><strong>5G-Unterst\u00fctzung<\/strong> erfordert ein 5G-f\u00e4higes Modem.<\/li>\n<li><strong>Auto HDR<\/strong> erfordert einen HDR-Monitor.<\/li>\n<li><strong>BitLocker to Go<\/strong> erfordert einen USB-Flash-Laufwerk (verf\u00fcgbar in Windows 7 Pro und h\u00f6heren Editionen).<\/li>\n<li><strong>Client Hyper-V<\/strong> erfordert einen Prozessor mit Second Level Address Translation (SLAT) F\u00e4higkeiten (verf\u00fcgbar in Windows Pro und h\u00f6heren Editionen).<\/li>\n<li><strong>Cortana<\/strong> erfordert ein Mikrofon und Lautsprecher und ist derzeit auf Windows 11 f\u00fcr Australien, Brasilien, Kanada, China, Frankreich, Deutschland, Indien, Italien, Japan, Mexiko, Spanien, Vereinigtes K\u00f6nigreich und die Vereinigten Staaten verf\u00fcgbar.<\/li>\n<li><strong>DirectStorage<\/strong> erfordert ein NVMe SSD, um Spiele zu speichern und auszuf\u00fchren, die den &#8220;Standard NVM Express Controller&#8221; Treiber verwenden und eine DirectX12 GPU mit Shader Model 6.0 Unterst\u00fctzung.<\/li>\n<li><strong>DirectX 12 Ultimate<\/strong> ist verf\u00fcgbar mit unterst\u00fctzten Spielen und Grafikchips.<\/li>\n<li><strong>Pr\u00e4senz<\/strong> erfordert einen Sensor, der die menschliche Entfernung vom Ger\u00e4t oder die Absicht zur Interaktion mit dem Ger\u00e4t erkennen kann.<\/li>\n<li><strong>Intelligente Videokonferenzen<\/strong> erfordern eine Videokamera, ein Mikrofon und Lautsprecher (Audioausgang).<\/li>\n<li><strong>Multiple Voice Assistant (MVA)<\/strong> erfordert ein Mikrofon und Lautsprecher.<\/li>\n<li><strong>Snap<\/strong> Dreispaltenlayouts erfordern einen Bildschirm, der in der Breite 1920 effektive Pixel oder mehr betr\u00e4gt.<\/li>\n<li><strong>Stummschaltung\/Entstummschaltung von der Taskleiste<\/strong> erfordert Videokamera, Mikrofon und Lautsprecher (Audioausgang). Die App muss mit der Funktion kompatibel sein, um globales Stummschalten\/Entstummschalten zu erm\u00f6glichen.<\/li>\n<li><strong>R\u00e4umlicher Klang<\/strong> erfordert unterst\u00fctzende Hardware und Software.<\/li>\n<li><strong>Teams<\/strong> erfordert Videokamera, Mikrofon und Lautsprecher (Audioausgang).<\/li>\n<li><strong>Touch<\/strong> erfordert einen Bildschirm oder Monitor, der Multi-Touch unterst\u00fctzt.<\/li>\n<li><strong>Zwei-Faktor-Authentifizierung<\/strong> erfordert die Verwendung von PIN, biometrischer (Fingerabdruckleser oder infrarotbeleuchtete Kamera) oder einem Telefon mit Wi-Fi oder Bluetooth-F\u00e4higkeiten.<\/li>\n<li><strong>Spracheingabe<\/strong> erfordert einen PC mit einem Mikrofon.<\/li>\n<li><strong>Wake on Voice<\/strong> erfordert das Modern Standby Energiemodell und ein Mikrofon.<\/li>\n<li><strong>Wi-Fi 6E<\/strong> erfordert neue WLAN IHV Hardware und Treiber und ein Wi-Fi 6E f\u00e4higes AP\/Router.<\/li>\n<li><strong>Windows Hello<\/strong> erfordert eine Kamera, die f\u00fcr Nahinfrarot (IR) Bildgebung oder Fingerabdruckleser f\u00fcr biometrische Authentifizierung konfiguriert ist. Ger\u00e4te ohne biometrische Sensoren k\u00f6nnen Windows Hello mit einer PIN oder einem tragbaren Microsoft-kompatiblen Sicherheitsschl\u00fcssel verwenden.<\/li>\n<li><strong>Windows Projektion<\/strong> erfordert einen Displayadapter, der das Windows Display Driver Model (WDDM) 2.0 unterst\u00fctzt und einen Wi-Fi-Adapter, der Wi-Fi Direct unterst\u00fctzt.<\/li>\n<li><strong>Xbox (App)<\/strong> erfordert ein Xbox Live Konto, das nicht in allen Regionen verf\u00fcgbar ist. Siehe Xbox Live L\u00e4nder und Regionen f\u00fcr die aktuellsten Informationen zur Verf\u00fcgbarkeit. Einige Funktionen in der Xbox-App erfordern ein aktives Xbox Game Pass Abonnement. Erfahren Sie mehr \u00fcber den Pass.<\/li>\n<\/ul>\n<\/div>\n<div class=\"dePhmb\"><\/div>\n<\/div>\n<\/div>\n<\/div>\n","protected":false},"excerpt":{"rendered":"<ul>\n<li>\n<table id=\"short-description\">\n<tbody>\n<tr>\n<td><strong>Lizenz:<\/strong><\/td>\n<td><strong>Mit dieser Lizenz kann die Software auf 3 verschiedenen Ger\u00e4ten aktiviert werden, z. B. Heim-PC, Notebook und Arbeits-PC<\/strong><\/td>\n<\/tr>\n<tr>\n<td><strong>Lieferung:<\/strong><\/td>\n<td><strong>Download-Link, Produktschl\u00fcssel, Anweisungen und Rechnung sofort per E-Mail geliefert<\/strong><\/td>\n<\/tr>\n<tr>\n<td><strong>Version:<\/strong><\/td>\n<td><strong>Vollst\u00e4ndige unbegrenzte Version von einem zertifizierten Microsoft Gold Partner<\/strong> &#8211; <strong>Lebenslange Geld-zur\u00fcck-Garantie!!!<\/strong><\/td>\n<\/tr>\n<tr>\n<td><strong>Sprachen:<\/strong><\/td>\n<td><strong>Englisch<\/strong>, <strong>Franz\u00f6sisch, Spanisch, Italienisch, Deutsch<\/strong><\/td>\n<\/tr>\n<tr>\n<td><strong>Unterst\u00fctzung:<\/strong><\/td>\n<td><strong>24\/7 auf Deutsch<\/strong><\/td>\n<\/tr>\n<\/tbody>\n<\/table>\n<\/li>\n<\/ul>\n","protected":false},"featured_media":2682,"comment_status":"closed","ping_status":"closed","template":"","meta":[],"product_cat":[15],"product_tag":[],"_links":{"self":[{"href":"https:\/\/winandoffice.net\/de\/wp-json\/wp\/v2\/product\/2680"}],"collection":[{"href":"https:\/\/winandoffice.net\/de\/wp-json\/wp\/v2\/product"}],"about":[{"href":"https:\/\/winandoffice.net\/de\/wp-json\/wp\/v2\/types\/product"}],"replies":[{"embeddable":true,"href":"https:\/\/winandoffice.net\/de\/wp-json\/wp\/v2\/comments?post=2680"}],"wp:featuredmedia":[{"embeddable":true,"href":"https:\/\/winandoffice.net\/de\/wp-json\/wp\/v2\/media\/2682"}],"wp:attachment":[{"href":"https:\/\/winandoffice.net\/de\/wp-json\/wp\/v2\/media?parent=2680"}],"wp:term":[{"taxonomy":"product_cat","embeddable":true,"href":"https:\/\/winandoffice.net\/de\/wp-json\/wp\/v2\/product_cat?post=2680"},{"taxonomy":"product_tag","embeddable":true,"href":"https:\/\/winandoffice.net\/de\/wp-json\/wp\/v2\/product_tag?post=2680"}],"curies":[{"name":"wp","href":"https:\/\/api.w.org\/{rel}","templated":true}]}}