{"id":2771,"date":"2024-04-04T07:36:37","date_gmt":"2024-04-04T07:36:37","guid":{"rendered":"https:\/\/winandofficeplus.com\/fr\/?post_type=product&#038;p=2771"},"modified":"2024-04-12T17:22:48","modified_gmt":"2024-04-12T17:22:48","slug":"office-2021-professional-plus-license-for-3-pc","status":"publish","type":"product","link":"https:\/\/winandoffice.net\/fr\/product\/office-2021-professional-plus-license-for-3-pc\/","title":{"rendered":"Microsoft Office 2021 Professional Plus Licence pour 3 PCs"},"content":{"rendered":"<p><strong>Licence Premium Microsoft Office 2021 Professional Plus pour 3 Appareils<\/strong><\/p>\n<p><strong>Garantie de Remboursement \u00e0 Vie !!!<\/strong><\/p>\n<p>D\u00e9bloquez tout le potentiel de Microsoft Office avec l&#8217;\u00e9dition Professional Plus, con\u00e7ue pour une int\u00e9gration fluide sur trois appareils &#8211; que ce soit votre PC \u00e0 domicile, votre ordinateur portable ou votre poste de travail professionnel.<\/p>\n<p><strong>Suite Compl\u00e8te d&#8217;Applications<\/strong><\/p>\n<p>Boostez votre productivit\u00e9 avec un ensemble complet de programmes essentiels :<\/p>\n<ul>\n<li><strong>Word :<\/strong> Cr\u00e9ez facilement des documents texte de qualit\u00e9 professionnelle.<\/li>\n<li><strong>Excel :<\/strong> Utilisez la puissance du logiciel de tableur intelligent pour une gestion efficace des donn\u00e9es.<\/li>\n<li><strong>PowerPoint :<\/strong> Cr\u00e9ez des pr\u00e9sentations dynamiques et impressionnantes qui captivent votre public.<\/li>\n<li><strong>OneNote :<\/strong> Prenez rapidement des notes num\u00e9riques et synchronisez-les sur tous vos appareils via le cloud.<\/li>\n<li><strong>Outlook :<\/strong> Simplifiez les t\u00e2ches de communication et g\u00e9rez vos e-mails en toute simplicit\u00e9.<\/li>\n<li><strong>Publisher :<\/strong> Concevez des mises en page professionnelles pour des publications et des supports marketing.<\/li>\n<li><strong>Access :<\/strong> D\u00e9veloppez des applications de base de donn\u00e9es robustes pour une utilisation bas\u00e9e sur le navigateur.<\/li>\n<li><strong>Microsoft Teams :<\/strong> Am\u00e9liorez la collaboration et la productivit\u00e9 avec des fonctionnalit\u00e9s de messagerie instantan\u00e9e et de visioconf\u00e9rence HD.<\/li>\n<\/ul>\n<p><strong>Configuration Syst\u00e8me Requise<\/strong><\/p>\n<p>Assurez-vous de la compatibilit\u00e9 avec les syst\u00e8mes d&#8217;exploitation Windows 10 ou 11 pour une int\u00e9gration sans faille et des performances optimales.<\/p>\n<p><strong>Assistance et Support D\u00e9di\u00e9s<\/strong><\/p>\n<p>Notre \u00e9quipe de service client\u00e8le est disponible 24 heures sur 24, 7 jours sur 7, pour r\u00e9pondre \u00e0 toutes vos questions ou pr\u00e9occupations. Contactez-nous simplement par e-mail pour une assistance rapide.<\/p>\n<p><strong>Exp\u00e9rience de Productivit\u00e9 Sans Faille<\/strong><\/p>\n<p>Optimisez votre flux de travail aussi bien \u00e0 domicile qu&#8217;au bureau avec Microsoft Office 2021 Professional Plus. Avec sa suite polyvalente d&#8217;applications et sa garantie de remboursement \u00e0 vie, vous pouvez compter sur une solution fiable et efficace pour tous vos besoins en mati\u00e8re de cr\u00e9ation de documents, de gestion des donn\u00e9es et de communication.<\/p>\n","protected":false},"excerpt":{"rendered":"<ul>\n<li>\n<table id=\"short-description\">\n<tbody>\n<tr>\n<td><strong>License:<\/strong><\/td>\n<td><strong>With this license the software can be activated on 3 different devices, e.g. home PC, notebook and work PC<\/strong><\/td>\n<\/tr>\n<tr>\n<td><strong>Delivery:<\/strong><\/td>\n<td><strong>Download link, product key, instructions and invoice delivered instantly by e-mail<\/strong><\/td>\n<\/tr>\n<tr>\n<td><strong>Version:<\/strong><\/td>\n<td><strong>Full unlimited version from certified Microsoft Gold Partner<\/strong>\u00a0\u2013\u00a0<strong>Lifetime money back guarantee!!!<\/strong><\/td>\n<\/tr>\n<tr>\n<td><strong>Languages:<\/strong><\/td>\n<td><strong>English<\/strong>,\u00a0<strong>French, Spanish, Italian, German<\/strong><\/td>\n<\/tr>\n<tr>\n<td><strong>Support:<\/strong><\/td>\n<td><strong>24\/7 in English<\/strong><\/td>\n<\/tr>\n<\/tbody>\n<\/table>\n<p><strong>For Microsoft Windows<\/strong><\/li>\n<\/ul>\n","protected":false},"featured_media":2772,"comment_status":"closed","ping_status":"closed","template":"","meta":[],"product_cat":[56],"product_tag":[76],"_links":{"self":[{"href":"https:\/\/winandoffice.net\/fr\/wp-json\/wp\/v2\/product\/2771"}],"collection":[{"href":"https:\/\/winandoffice.net\/fr\/wp-json\/wp\/v2\/product"}],"about":[{"href":"https:\/\/winandoffice.net\/fr\/wp-json\/wp\/v2\/types\/product"}],"replies":[{"embeddable":true,"href":"https:\/\/winandoffice.net\/fr\/wp-json\/wp\/v2\/comments?post=2771"}],"wp:featuredmedia":[{"embeddable":true,"href":"https:\/\/winandoffice.net\/fr\/wp-json\/wp\/v2\/media\/2772"}],"wp:attachment":[{"href":"https:\/\/winandoffice.net\/fr\/wp-json\/wp\/v2\/media?parent=2771"}],"wp:term":[{"taxonomy":"product_cat","embeddable":true,"href":"https:\/\/winandoffice.net\/fr\/wp-json\/wp\/v2\/product_cat?post=2771"},{"taxonomy":"product_tag","embeddable":true,"href":"https:\/\/winandoffice.net\/fr\/wp-json\/wp\/v2\/product_tag?post=2771"}],"curies":[{"name":"wp","href":"https:\/\/api.w.org\/{rel}","templated":true}]}}