{"id":2443,"date":"2024-03-30T09:38:14","date_gmt":"2024-03-30T09:38:14","guid":{"rendered":"https:\/\/winandofficeplus.com\/spain\/?post_type=product&#038;p=2443"},"modified":"2024-04-11T16:35:14","modified_gmt":"2024-04-11T16:35:14","slug":"microsoft-office-2010-professional-plus-license-for-3-pc","status":"publish","type":"product","link":"https:\/\/winandoffice.net\/spain\/product\/microsoft-office-2010-professional-plus-license-for-3-pc\/","title":{"rendered":"Microsoft Office 2010 Professional Plus para 3 PC"},"content":{"rendered":"<h2>Garant\u00eda de devoluci\u00f3n de dinero de por vida!<\/h2>\n<h3>Licencia Premium de Microsoft Office 2010 Professional para 3 dispositivos<\/h3>\n<p>Con esta licencia, el software puede activarse en 3 dispositivos diferentes, como PC de hogar, port\u00e1til y PC de trabajo.<\/p>\n<h4>Caracter\u00edsticas Principales<\/h4>\n<p>Office 2010 Professional marca el comienzo de una nueva era para la est\u00e1ndar mundial de Microsoft en aplicaciones de Office. Adem\u00e1s de las versiones cl\u00e1sicas de las conocidas aplicaciones, tambi\u00e9n hay nuevas versiones web de Word, Excel, etc. Sin duda, te permiten ser productivo desde casi cualquier lugar.<\/p>\n<p>Otra caracter\u00edstica nueva es el soporte completo del formato de archivo Open XML certificado por ISO. Tiene un men\u00fa estilo cinta de opciones. Por lo tanto, sentir\u00e1s un aspecto de Windows 7 en tu suite de Office y el Bot\u00f3n Office obtiene nuevas funciones tambi\u00e9n.<\/p>\n<h4>Aplicaciones Incluidas<\/h4>\n<ul>\n<li><strong>Word 2010<\/strong>: para crear documentos fascinantes.<\/li>\n<li><strong>Excel 2010<\/strong>: para an\u00e1lisis importantes.<\/li>\n<li><strong>PowerPoint 2010<\/strong>: para presentaciones atractivas.<\/li>\n<li><strong>Outlook 2010<\/strong>: para gestionar tus correos electr\u00f3nicos, contactos, calendarios y tareas.<\/li>\n<li><strong>OneNote 2010<\/strong>: para tus notas.<\/li>\n<li><strong>Publisher 2010<\/strong>: para crear publicidad profesional.<\/li>\n<li><strong>Access 2010<\/strong>: para aplicaciones basadas en navegador.<\/li>\n<li><strong>Web Apps (Word, Excel, PowerPoint, OneNote)<\/strong>.<\/li>\n<li><strong>InfoPath<\/strong>: para dise\u00f1ar, distribuir, completar y enviar formularios electr\u00f3nicos que contienen datos estructurados.<\/li>\n<li><strong>Communicator<\/strong>: mantente en contacto con clientes y colegas.<\/li>\n<li><strong>SharePoint Workspace<\/strong>: para colaborar en todo el mundo.<\/li>\n<\/ul>\n<h4>Requisitos del Sistema<\/h4>\n<ul>\n<li><strong>Procesador<\/strong>: Procesador de 500 megahercios (MHz) o superior; se requiere 1 gigahercio (GHz) para Outlook con Business Contact Manager.<\/li>\n<li><strong>RAM<\/strong>: 512 megabytes (MB) de RAM o m\u00e1s (ciertamente es un requisito muy bajo).<\/li>\n<li><strong>Espacio disponible en disco duro<\/strong>: 3.5 gigabytes (GB).<\/li>\n<li><strong>Para la edici\u00f3n de 32 bits de Office 2010<\/strong>: Windows XP con Service Pack (SP) 3, Windows Server 2003 SP2, MSXML 6.0.<\/li>\n<li><strong>Para ambas ediciones de 32 bits o 64 bits de Office 2010<\/strong>: Windows Vista con SP1, Windows Server 2008, Windows 7, Terminal Server, Windows on Windows (WOW).<\/li>\n<\/ul>\n","protected":false},"excerpt":{"rendered":"<table id=\"short-description\">\n<tbody>\n<tr>\n<td><strong>License: <\/strong><\/td>\n<td><strong>With this license the software can be activated on 3\u00a0different devices, e.g. home PC, notebook and work PC<\/strong><\/p>\n<p><strong>Lifetime money back guarantee!!!<\/strong><\/td>\n<\/tr>\n<tr>\n<td><strong>Delivery: <\/strong><\/td>\n<td>Download link, product key, instructions, and invoice delivered instantly by e- mail. Not available on physical media (USB, CD, etc.)<\/td>\n<\/tr>\n<tr>\n<td><strong>Version: <\/strong><\/td>\n<td>For 32 and 64 bit systems, full unlimited versions of software<\/td>\n<\/tr>\n<tr>\n<td><strong>Languages: <\/strong><\/td>\n<td>English, Spanish, Italian, German, French<\/td>\n<\/tr>\n<tr>\n<td><strong>Support: <\/strong><\/td>\n<td>24\/7 in English<\/td>\n<\/tr>\n<\/tbody>\n<\/table>\n<ul>\n<li><strong><span style=\"color: #008000;\"> This product is compatible with Windows.<\/span><\/strong><\/li>\n<li><strong><span style=\"color: #ff0000;\">NOT compatible with Apple macOS\u2122, Android devices and Chromebooks.<\/span><\/strong><\/li>\n<li><strong>NOT compatible with Android devices<\/strong><\/li>\n<\/ul>\n","protected":false},"featured_media":2444,"comment_status":"closed","ping_status":"closed","template":"","meta":[],"product_cat":[56],"product_tag":[57],"_links":{"self":[{"href":"https:\/\/winandoffice.net\/spain\/wp-json\/wp\/v2\/product\/2443"}],"collection":[{"href":"https:\/\/winandoffice.net\/spain\/wp-json\/wp\/v2\/product"}],"about":[{"href":"https:\/\/winandoffice.net\/spain\/wp-json\/wp\/v2\/types\/product"}],"replies":[{"embeddable":true,"href":"https:\/\/winandoffice.net\/spain\/wp-json\/wp\/v2\/comments?post=2443"}],"wp:featuredmedia":[{"embeddable":true,"href":"https:\/\/winandoffice.net\/spain\/wp-json\/wp\/v2\/media\/2444"}],"wp:attachment":[{"href":"https:\/\/winandoffice.net\/spain\/wp-json\/wp\/v2\/media?parent=2443"}],"wp:term":[{"taxonomy":"product_cat","embeddable":true,"href":"https:\/\/winandoffice.net\/spain\/wp-json\/wp\/v2\/product_cat?post=2443"},{"taxonomy":"product_tag","embeddable":true,"href":"https:\/\/winandoffice.net\/spain\/wp-json\/wp\/v2\/product_tag?post=2443"}],"curies":[{"name":"wp","href":"https:\/\/api.w.org\/{rel}","templated":true}]}}